{"id":563,"date":"2024-05-10T15:42:47","date_gmt":"2024-05-10T13:42:47","guid":{"rendered":"https:\/\/missioncelte.fr\/?page_id=563"},"modified":"2024-05-10T15:53:13","modified_gmt":"2024-05-10T13:53:13","slug":"le-cri-du-cerf","status":"publish","type":"page","link":"https:\/\/missioncelte.fr\/?page_id=563","title":{"rendered":"Le cri du cerf"},"content":{"rendered":"\n<p>Le cri du Cerf ou<\/p>\n\n\n\n<figure class=\"wp-block-image alignright size-full is-resized\"><img loading=\"lazy\" decoding=\"async\" width=\"229\" height=\"300\" src=\"http:\/\/missioncelte.fr\/wp-content\/uploads\/2024\/05\/110-st-patrick-icon-229x300-ndweb.jpg\" alt=\"\" class=\"wp-image-565\" style=\"width:543px;height:auto\"\/><\/figure>\n\n\n\n<p>La Cuirasse de Saint Patrick<\/p>\n\n\n\n<p><\/p>\n\n\n\n<p>Je me l\u00e8ve aujourd&rsquo;hui<br>par une force puissante,<br>l&rsquo;invocation de la Trinit\u00e9,<br>la croyance en la Trinit\u00e9,<br>la confession de l\u2019unit\u00e9<br>du Cr\u00e9ateur du monde.<br><br>Je me l\u00e8ve aujourd&rsquo;hui<br>par la force de la naissance du Christ et de Son Bapt\u00eame,<br>la force de Sa Crucifixion et de Sa mise au tombeau,<br>la force de Sa R\u00e9surrection et de Son Ascension,<br>la force de Sa Venue au jour du Jugement.<br><br>Je me l\u00e8ve aujourd&rsquo;hui<br>par la force des ordres des Ch\u00e9rubins,<br>dans l&rsquo;ob\u00e9issance des Anges,<br>dans le service des Archanges,<br>dans l&rsquo;espoir de la R\u00e9surrection,<br>dans les pri\u00e8res des Patriarches,<br>dans les pr\u00e9dications des Proph\u00e8tes,<br>dans les pr\u00e9dications des Ap\u00f4tres,<br>dans les fid\u00e9lit\u00e9s des Confesseurs,<br>dans l&rsquo;innocence des Vierges saintes,<br>dans les actions des Hommes justes.<br><br>Je me l\u00e8ve aujourd&rsquo;hui<br>par la force du Ciel,<br>lumi\u00e8re du Ciel,<br>lumi\u00e8re du Soleil,<br>\u00e9clat de la Lune,<br>splendeur du Feu,<br>vitesse de l&rsquo;\u00e9clair,<br>rapidit\u00e9 du vent,<br>profondeur de la mer,<br>stabilit\u00e9 de la terre,<br>solidit\u00e9 de la pierre.<br><br>Je me l\u00e8ve aujourd&rsquo;hui<br>par la force de Dieu pour me guider,<br>la puissance de Dieu pour me soutenir,<br>l&rsquo;intelligence de Dieu pour me conduire,<br>l&rsquo;\u0153il de Dieu pour regarder devant moi,<br>l&rsquo;oreille de Dieu pour m&rsquo;entendre<br>la parole de Dieu pour parler pour moi,<br>la main de Dieu pour me garder,<br>le chemin de Dieu pour me pr\u00e9c\u00e9der,<br>le bouclier de Dieu pour me prot\u00e9ger,<br>l&rsquo;arm\u00e9e de Dieu pour me sauver<br>des filets des d\u00e9mons,<br>des s\u00e9ductions des vices,<br>des inclinations de la nature,<br>de tous les hommes qui me d\u00e9sirent du mal,<br>de loin et de pr\u00e8s,<br>dans la solitude et dans une multitude.<br><br>J&rsquo;appelle aujourd&rsquo;hui toutes ces forces<br>entre moi et le mal,<br>contre toute force cruelle impitoyable<br>qui attaque mon corps et mon \u00e2me,<br>contre les incantations des faux proph\u00e8tes,<br>contre les lois noires du paganisme,<br>contre les lois fausses des h\u00e9r\u00e9tiques,<br>contre la puissance de l&rsquo;idol\u00e2trie,<br>contre les charmes des sorciers,<br>contre toute science qui souille<br>le corps et l&rsquo;\u00e2me de l&rsquo;homme.<br><br>Que le Christ me prot\u00e8ge aujourd&rsquo;hui<br>contre le poison, contre le feu,<br>contre la noyade, contre la blessure,<br>pour qu&rsquo;il me vienne une foule de r\u00e9compenses,<br>le Christ avec moi,<br>le Christ devant moi,<br>le Christ derri\u00e8re moi,<br>le Christ en moi,<br>le Christ au-dessus de moi,<br>le Christ au-dessous de moi,<br>le Christ \u00e0 ma droite,<br>le Christ \u00e0 ma gauche,<br>le Christ en largeur,<br>le Christ en longueur,<br>le Christ en hauteur,<br>le Christ dans le c\u0153ur<br>de tout homme qui pense \u00e0 moi,<br>le Christ dans tout \u0153il qui me voit,<br>le Christ dans toute oreille qui m&rsquo;\u00e9coute.<br><br>Je me l\u00e8ve aujourd&rsquo;hui<br>par une force puissante<br>l&rsquo;invocation \u00e0 la Trinit\u00e9,<br>la croyance en la Trinit\u00e9,<br>la confession de l&rsquo;unit\u00e9<br>du Cr\u00e9ateur du monde.<br><br>Au Seigneur est le salut,<br>au Christ est le salut.<br><br>Que Ton salut, Seigneur, soit toujours avec nous.<br><br>Amen.<\/p>\n\n\n\n<h2 class=\"wp-block-heading\"><a><\/a>Adaptation de 1889<\/h2>\n\n\n\n<p>L&rsquo;adaptation <em>I bind unto myself to-day<\/em> de Cecil Frances Alexander en 1889 est la suivante :<\/p>\n\n\n\n<p>Je me rev\u00eats aujourd&rsquo;hui<br>Du Nom fort de la Trinit\u00e9.<br>J&rsquo;invoque les Trois Personnes Unies<br>Par qui le monde \u00e9tait cr\u00e9\u00e9.<br>&nbsp;<br>Je rev\u00eats en ce jour d&rsquo;hui:<br>L&rsquo;incarnation de Christ-J\u00e9sus,<br>Son bapt\u00eame par l&rsquo;eau et l&rsquo;Esprit,<br>Sa croix de mort pour mon salut;<br>Son bond du tombeau parfum\u00e9,<br>Ses pas en haut vers l&rsquo;Infini,<br>Son retour au Jour Dernier\u2014<br>Je les rev\u00eats pour toute ma vie.<br>&nbsp;<br>Je rev\u00eats toutes ces forces vainqueurs:<br>L&rsquo;ob\u00e9issance des Anges au Ciel,<br>Bonnes \u0153uvres faites pour le Seigneur,<br>L&rsquo;espoir de la vie \u00e9ternelle;<br>Les oracles des Proph\u00e8tes de Dieu<br>Les Ap\u00f4tres portants de Bonnes Nouvelles,<br>Les pri\u00e8res des Patriarches H\u00e9breux,<br>La puret\u00e9 des \u00e2mes fid\u00e8les.<br>&nbsp;<br>Je rev\u00eats tous ces \u00e9l\u00e9ments:<br>Les vertus du ciel \u00e9toil\u00e9,<br>La gloire du soleil vivifiant ,<br>La blanche lune dans sa clart\u00e9;<br>L&rsquo;\u00e9clatement des \u00e9clairs v\u00e9loces,<br>Les profondeurs sal\u00e9s des mers,<br>Splendeur du feu, forts vents f\u00e9roces,<br>Les solides rocs, la ferme Terre.<br>&nbsp;<br>Je rev\u00eats en ce jour d&rsquo;hui:<br>La force de Dieu pour me guider,<br>Ses oreilles pour entendre mon cri,<br>Ses yeux d&rsquo;amour pour me veiller;<br>Sagesse de Dieu pour m&rsquo;instruire,<br>Sa Parole pour tailler mes mots,<br>Sa puissante main pour me tenir,<br>Ses anges pour me garder d&rsquo;en haut.<br><br>Contre les filets des d\u00e9mons,<br>Les s\u00e9ductions des vices fatals,<br>Toutes mes mauvaises inclinations,<br>Les hommes qui me d\u00e9sirent du mal;<br>En haut, en bas, de loin, de pr\u00e8s,<br>En toute heure, et en tout lieu;<br>Contre toutes ces hostilit\u00e9s<br>Je rev\u00eats toutes ces forces de Dieu.<br><br>Contre sorciers et f\u00e9ticheurs,<br>Les fausset\u00e9s de l&rsquo;Ennemi,<br>Contre l&rsquo;idol\u00e2trie du c\u0153ur,<br>B\u00eates sauvages, attaques, maladies;<br>Contre h\u00e9r\u00e9sies, et faux proph\u00e8tes,<br>Contre br\u00fblure, noyade, poison,<br>Les mauvaises pratiques des anc\u00eatres,<br>Prot\u00e8ge-moi, Christ, et viens bient\u00f4t!<br>&nbsp;<br>Que Christ soit toujours avec moi,<br>Christ dans ma bouche et dans mon c\u0153ur,<br>Christ derri\u00e8re et devant moi,<br>Christ en largeur et en longueur;<br>Christ \u00e0 ma gauche, ma droite, autour,<br>Christ dans le calme, dans le danger,<br>Christ dans la nuit, pendant le jour,<br>Christ en voisin et \u00e9tranger.<br>&nbsp;<br>Je me rev\u00eats aujourd&rsquo;hui<br>Du Nom fort de la Trinit\u00e9,<br>Du P\u00e8re, du Fils, du Saint-Esprit,<br>De la trois fois sainte Unit\u00e9;<br>Qui a cr\u00e9\u00e9 le monde Lui Seul,<br>En qui toute la cr\u00e9ation a l&rsquo;\u00eatre,<br>P\u00e8re \u00c9ternel, Esprit, Parole.<br>Le salut vient de Christ le Ma\u00eetre!<\/p>\n","protected":false},"excerpt":{"rendered":"<p>Le cri du Cerf ou La Cuirasse de Saint Patrick Je me l\u00e8ve aujourd&rsquo;huipar une force puissante,l&rsquo;invocation de la Trinit\u00e9,la croyance en la Trinit\u00e9,la confession de l\u2019unit\u00e9du Cr\u00e9ateur du monde. Je me l\u00e8ve aujourd&rsquo;huipar la force de la naissance du Christ et de Son Bapt\u00eame,la force de Sa Crucifixion et de Sa mise au tombeau,la [&hellip;]<\/p>\n","protected":false},"author":1,"featured_media":0,"parent":31,"menu_order":4,"comment_status":"closed","ping_status":"closed","template":"","meta":{"om_disable_all_campaigns":false,"_monsterinsights_skip_tracking":false,"_monsterinsights_sitenote_active":false,"_monsterinsights_sitenote_note":"","_monsterinsights_sitenote_category":0,"_uf_show_specific_survey":0,"_uf_disable_surveys":false,"iawp_total_views":22,"footnotes":""},"class_list":["post-563","page","type-page","status-publish","hentry"],"blocksy_meta":[],"aioseo_notices":[],"yoast_head":"<!-- This site is optimized with the Yoast SEO plugin v26.8 - https:\/\/yoast.com\/product\/yoast-seo-wordpress\/ -->\n<title>Le cri du cerf - missioncelte.fr<\/title>\n<meta name=\"robots\" content=\"index, follow, max-snippet:-1, max-image-preview:large, max-video-preview:-1\" \/>\n<link rel=\"canonical\" href=\"https:\/\/missioncelte.fr\/?page_id=563\" \/>\n<meta property=\"og:locale\" content=\"fr_FR\" \/>\n<meta property=\"og:type\" content=\"article\" \/>\n<meta property=\"og:title\" content=\"Le cri du cerf - missioncelte.fr\" \/>\n<meta property=\"og:description\" content=\"Le cri du Cerf ou La Cuirasse de Saint Patrick Je me l\u00e8ve aujourd&rsquo;huipar une force puissante,l&rsquo;invocation de la Trinit\u00e9,la croyance en la Trinit\u00e9,la confession de l\u2019unit\u00e9du Cr\u00e9ateur du monde. Je me l\u00e8ve aujourd&rsquo;huipar la force de la naissance du Christ et de Son Bapt\u00eame,la force de Sa Crucifixion et de Sa mise au tombeau,la [&hellip;]\" \/>\n<meta property=\"og:url\" content=\"https:\/\/missioncelte.fr\/?page_id=563\" \/>\n<meta property=\"og:site_name\" content=\"missioncelte.fr\" \/>\n<meta property=\"article:publisher\" content=\"https:\/\/www.facebook.com\/frere.barthelemy.9\" \/>\n<meta property=\"article:modified_time\" content=\"2024-05-10T13:53:13+00:00\" \/>\n<meta property=\"og:image\" content=\"http:\/\/missioncelte.fr\/wp-content\/uploads\/2024\/05\/110-st-patrick-icon-229x300-ndweb.jpg\" \/>\n<meta name=\"twitter:card\" content=\"summary_large_image\" \/>\n<meta name=\"twitter:label1\" content=\"Dur\u00e9e de lecture estim\u00e9e\" \/>\n\t<meta name=\"twitter:data1\" content=\"5 minutes\" \/>\n<script type=\"application\/ld+json\" class=\"yoast-schema-graph\">{\"@context\":\"https:\/\/schema.org\",\"@graph\":[{\"@type\":\"WebPage\",\"@id\":\"https:\/\/missioncelte.fr\/?page_id=563\",\"url\":\"https:\/\/missioncelte.fr\/?page_id=563\",\"name\":\"Le cri du cerf - missioncelte.fr\",\"isPartOf\":{\"@id\":\"https:\/\/missioncelte.fr\/#website\"},\"primaryImageOfPage\":{\"@id\":\"https:\/\/missioncelte.fr\/?page_id=563#primaryimage\"},\"image\":{\"@id\":\"https:\/\/missioncelte.fr\/?page_id=563#primaryimage\"},\"thumbnailUrl\":\"http:\/\/missioncelte.fr\/wp-content\/uploads\/2024\/05\/110-st-patrick-icon-229x300-ndweb.jpg\",\"datePublished\":\"2024-05-10T13:42:47+00:00\",\"dateModified\":\"2024-05-10T13:53:13+00:00\",\"breadcrumb\":{\"@id\":\"https:\/\/missioncelte.fr\/?page_id=563#breadcrumb\"},\"inLanguage\":\"fr-FR\",\"potentialAction\":[{\"@type\":\"ReadAction\",\"target\":[\"https:\/\/missioncelte.fr\/?page_id=563\"]}]},{\"@type\":\"ImageObject\",\"inLanguage\":\"fr-FR\",\"@id\":\"https:\/\/missioncelte.fr\/?page_id=563#primaryimage\",\"url\":\"https:\/\/missioncelte.fr\/wp-content\/uploads\/2024\/05\/110-st-patrick-icon-229x300-ndweb.jpg\",\"contentUrl\":\"https:\/\/missioncelte.fr\/wp-content\/uploads\/2024\/05\/110-st-patrick-icon-229x300-ndweb.jpg\",\"width\":229,\"height\":300},{\"@type\":\"BreadcrumbList\",\"@id\":\"https:\/\/missioncelte.fr\/?page_id=563#breadcrumb\",\"itemListElement\":[{\"@type\":\"ListItem\",\"position\":1,\"name\":\"Accueil\",\"item\":\"https:\/\/missioncelte.fr\/\"},{\"@type\":\"ListItem\",\"position\":2,\"name\":\"Textes\",\"item\":\"https:\/\/missioncelte.fr\/?page_id=31\"},{\"@type\":\"ListItem\",\"position\":3,\"name\":\"Le cri du cerf\"}]},{\"@type\":\"WebSite\",\"@id\":\"https:\/\/missioncelte.fr\/#website\",\"url\":\"https:\/\/missioncelte.fr\/\",\"name\":\"missioncelte.fr\",\"description\":\"\",\"publisher\":{\"@id\":\"https:\/\/missioncelte.fr\/#organization\"},\"potentialAction\":[{\"@type\":\"SearchAction\",\"target\":{\"@type\":\"EntryPoint\",\"urlTemplate\":\"https:\/\/missioncelte.fr\/?s={search_term_string}\"},\"query-input\":{\"@type\":\"PropertyValueSpecification\",\"valueRequired\":true,\"valueName\":\"search_term_string\"}}],\"inLanguage\":\"fr-FR\"},{\"@type\":\"Organization\",\"@id\":\"https:\/\/missioncelte.fr\/#organization\",\"name\":\"missioncelte.fr\",\"url\":\"https:\/\/missioncelte.fr\/\",\"logo\":{\"@type\":\"ImageObject\",\"inLanguage\":\"fr-FR\",\"@id\":\"https:\/\/missioncelte.fr\/#\/schema\/logo\/image\/\",\"url\":\"https:\/\/missioncelte.fr\/wp-content\/uploads\/2023\/08\/poisson.png\",\"contentUrl\":\"https:\/\/missioncelte.fr\/wp-content\/uploads\/2023\/08\/poisson.png\",\"width\":1600,\"height\":632,\"caption\":\"missioncelte.fr\"},\"image\":{\"@id\":\"https:\/\/missioncelte.fr\/#\/schema\/logo\/image\/\"},\"sameAs\":[\"https:\/\/www.facebook.com\/frere.barthelemy.9\",\"https:\/\/www.facebook.com\/profile.php?id=100085429027200\"]}]}<\/script>\n<!-- \/ Yoast SEO plugin. -->","yoast_head_json":{"title":"Le cri du cerf - missioncelte.fr","robots":{"index":"index","follow":"follow","max-snippet":"max-snippet:-1","max-image-preview":"max-image-preview:large","max-video-preview":"max-video-preview:-1"},"canonical":"https:\/\/missioncelte.fr\/?page_id=563","og_locale":"fr_FR","og_type":"article","og_title":"Le cri du cerf - missioncelte.fr","og_description":"Le cri du Cerf ou La Cuirasse de Saint Patrick Je me l\u00e8ve aujourd&rsquo;huipar une force puissante,l&rsquo;invocation de la Trinit\u00e9,la croyance en la Trinit\u00e9,la confession de l\u2019unit\u00e9du Cr\u00e9ateur du monde. Je me l\u00e8ve aujourd&rsquo;huipar la force de la naissance du Christ et de Son Bapt\u00eame,la force de Sa Crucifixion et de Sa mise au tombeau,la [&hellip;]","og_url":"https:\/\/missioncelte.fr\/?page_id=563","og_site_name":"missioncelte.fr","article_publisher":"https:\/\/www.facebook.com\/frere.barthelemy.9","article_modified_time":"2024-05-10T13:53:13+00:00","og_image":[{"url":"http:\/\/missioncelte.fr\/wp-content\/uploads\/2024\/05\/110-st-patrick-icon-229x300-ndweb.jpg","type":"","width":"","height":""}],"twitter_card":"summary_large_image","twitter_misc":{"Dur\u00e9e de lecture estim\u00e9e":"5 minutes"},"schema":{"@context":"https:\/\/schema.org","@graph":[{"@type":"WebPage","@id":"https:\/\/missioncelte.fr\/?page_id=563","url":"https:\/\/missioncelte.fr\/?page_id=563","name":"Le cri du cerf - missioncelte.fr","isPartOf":{"@id":"https:\/\/missioncelte.fr\/#website"},"primaryImageOfPage":{"@id":"https:\/\/missioncelte.fr\/?page_id=563#primaryimage"},"image":{"@id":"https:\/\/missioncelte.fr\/?page_id=563#primaryimage"},"thumbnailUrl":"http:\/\/missioncelte.fr\/wp-content\/uploads\/2024\/05\/110-st-patrick-icon-229x300-ndweb.jpg","datePublished":"2024-05-10T13:42:47+00:00","dateModified":"2024-05-10T13:53:13+00:00","breadcrumb":{"@id":"https:\/\/missioncelte.fr\/?page_id=563#breadcrumb"},"inLanguage":"fr-FR","potentialAction":[{"@type":"ReadAction","target":["https:\/\/missioncelte.fr\/?page_id=563"]}]},{"@type":"ImageObject","inLanguage":"fr-FR","@id":"https:\/\/missioncelte.fr\/?page_id=563#primaryimage","url":"https:\/\/missioncelte.fr\/wp-content\/uploads\/2024\/05\/110-st-patrick-icon-229x300-ndweb.jpg","contentUrl":"https:\/\/missioncelte.fr\/wp-content\/uploads\/2024\/05\/110-st-patrick-icon-229x300-ndweb.jpg","width":229,"height":300},{"@type":"BreadcrumbList","@id":"https:\/\/missioncelte.fr\/?page_id=563#breadcrumb","itemListElement":[{"@type":"ListItem","position":1,"name":"Accueil","item":"https:\/\/missioncelte.fr\/"},{"@type":"ListItem","position":2,"name":"Textes","item":"https:\/\/missioncelte.fr\/?page_id=31"},{"@type":"ListItem","position":3,"name":"Le cri du cerf"}]},{"@type":"WebSite","@id":"https:\/\/missioncelte.fr\/#website","url":"https:\/\/missioncelte.fr\/","name":"missioncelte.fr","description":"","publisher":{"@id":"https:\/\/missioncelte.fr\/#organization"},"potentialAction":[{"@type":"SearchAction","target":{"@type":"EntryPoint","urlTemplate":"https:\/\/missioncelte.fr\/?s={search_term_string}"},"query-input":{"@type":"PropertyValueSpecification","valueRequired":true,"valueName":"search_term_string"}}],"inLanguage":"fr-FR"},{"@type":"Organization","@id":"https:\/\/missioncelte.fr\/#organization","name":"missioncelte.fr","url":"https:\/\/missioncelte.fr\/","logo":{"@type":"ImageObject","inLanguage":"fr-FR","@id":"https:\/\/missioncelte.fr\/#\/schema\/logo\/image\/","url":"https:\/\/missioncelte.fr\/wp-content\/uploads\/2023\/08\/poisson.png","contentUrl":"https:\/\/missioncelte.fr\/wp-content\/uploads\/2023\/08\/poisson.png","width":1600,"height":632,"caption":"missioncelte.fr"},"image":{"@id":"https:\/\/missioncelte.fr\/#\/schema\/logo\/image\/"},"sameAs":["https:\/\/www.facebook.com\/frere.barthelemy.9","https:\/\/www.facebook.com\/profile.php?id=100085429027200"]}]}},"_links":{"self":[{"href":"https:\/\/missioncelte.fr\/index.php?rest_route=\/wp\/v2\/pages\/563","targetHints":{"allow":["GET"]}}],"collection":[{"href":"https:\/\/missioncelte.fr\/index.php?rest_route=\/wp\/v2\/pages"}],"about":[{"href":"https:\/\/missioncelte.fr\/index.php?rest_route=\/wp\/v2\/types\/page"}],"author":[{"embeddable":true,"href":"https:\/\/missioncelte.fr\/index.php?rest_route=\/wp\/v2\/users\/1"}],"replies":[{"embeddable":true,"href":"https:\/\/missioncelte.fr\/index.php?rest_route=%2Fwp%2Fv2%2Fcomments&post=563"}],"version-history":[{"count":3,"href":"https:\/\/missioncelte.fr\/index.php?rest_route=\/wp\/v2\/pages\/563\/revisions"}],"predecessor-version":[{"id":568,"href":"https:\/\/missioncelte.fr\/index.php?rest_route=\/wp\/v2\/pages\/563\/revisions\/568"}],"up":[{"embeddable":true,"href":"https:\/\/missioncelte.fr\/index.php?rest_route=\/wp\/v2\/pages\/31"}],"wp:attachment":[{"href":"https:\/\/missioncelte.fr\/index.php?rest_route=%2Fwp%2Fv2%2Fmedia&parent=563"}],"curies":[{"name":"wp","href":"https:\/\/api.w.org\/{rel}","templated":true}]}}