{"id":5,"date":"2023-08-02T20:00:45","date_gmt":"2023-08-02T18:00:45","guid":{"rendered":"https:\/\/missioncelte.fr\/?page_id=5"},"modified":"2023-08-28T08:07:14","modified_gmt":"2023-08-28T06:07:14","slug":"accueil","status":"publish","type":"page","link":"https:\/\/missioncelte.fr\/","title":{"rendered":"Accueil"},"content":{"rendered":"\n<p><\/p>\n\n\n\n<div style=\"height:100px\" aria-hidden=\"true\" class=\"wp-block-spacer\"><\/div>\n\n\n\n<h1 class=\"wp-block-heading has-text-align-center\">Bienvenue \u00e0 Mission Celte Gallicane<\/h1>\n\n\n\n<h2 class=\"wp-block-heading has-text-align-center\">Sainte Brigitte de Kildare de Bordeaux<\/h2>\n\n\n\n<h6 class=\"wp-block-heading has-text-align-center\"><span class=\"hmclock\" data-offset=\"2\">13:53<\/span> ,  Vendredi 8 Mai 2026.<\/h6>\n\n\n\n<figure class=\"wp-block-image aligncenter size-full is-resized\"><img loading=\"lazy\" decoding=\"async\" src=\"http:\/\/missioncelte.fr\/wp-content\/uploads\/2023\/08\/127458944_705427230347796_5859172656426541205_n.jpg\" alt=\"\" class=\"wp-image-71\" width=\"960\" height=\"720\" srcset=\"https:\/\/missioncelte.fr\/wp-content\/uploads\/2023\/08\/127458944_705427230347796_5859172656426541205_n.jpg 960w, https:\/\/missioncelte.fr\/wp-content\/uploads\/2023\/08\/127458944_705427230347796_5859172656426541205_n-300x225.jpg 300w, https:\/\/missioncelte.fr\/wp-content\/uploads\/2023\/08\/127458944_705427230347796_5859172656426541205_n-768x576.jpg 768w\" sizes=\"auto, (max-width: 960px) 100vw, 960px\" \/><\/figure>\n\n\n\n<div style=\"height:100px\" aria-hidden=\"true\" class=\"wp-block-spacer\"><\/div>\n\n\n\n<h3 class=\"wp-block-heading\"><strong>Nos valeurs<\/strong><\/h3>\n\n\n\n<div class=\"wp-block-group is-layout-constrained wp-block-group-is-layout-constrained\">\n<figure class=\"wp-block-image alignright size-full is-resized\"><img loading=\"lazy\" decoding=\"async\" src=\"http:\/\/missioncelte.fr\/wp-content\/uploads\/2023\/08\/bible-ouverte2.jpg\" alt=\"\" class=\"wp-image-162\" width=\"356\" height=\"268\" srcset=\"https:\/\/missioncelte.fr\/wp-content\/uploads\/2023\/08\/bible-ouverte2.jpg 1000w, https:\/\/missioncelte.fr\/wp-content\/uploads\/2023\/08\/bible-ouverte2-300x225.jpg 300w, https:\/\/missioncelte.fr\/wp-content\/uploads\/2023\/08\/bible-ouverte2-768x576.jpg 768w\" sizes=\"auto, (max-width: 356px) 100vw, 356px\" \/><\/figure>\n<\/div>\n\n\n\n<h5 class=\"wp-block-heading\"><strong>Nous sommes fiers de puiser dans les traditions l\u00e9gu\u00e9es par nos p\u00e8res fondateurs et de maintenir une liturgie gallicane fid\u00e8le \u00e0 celle pratiqu\u00e9e en Gaule et en Irlande jusqu&rsquo;au XI\u00e8me si\u00e8cle. Cependant, nous sommes \u00e9galement progressistes. Notre engagement humaniste et inclusif nous pousse \u00e0 offrir les sacrements \u00e0 tous, sans distinction de race, de sexe ou de genre et de condition sociale.<\/strong><\/h5>\n\n\n\n<div style=\"height:144px\" aria-hidden=\"true\" class=\"wp-block-spacer\"><\/div>\n\n\n\n<figure class=\"wp-block-image alignleft size-full is-resized\"><img loading=\"lazy\" decoding=\"async\" src=\"http:\/\/missioncelte.fr\/wp-content\/uploads\/2023\/08\/image.png\" alt=\"\" class=\"wp-image-176\" width=\"381\" height=\"240\" srcset=\"https:\/\/missioncelte.fr\/wp-content\/uploads\/2023\/08\/image.png 709w, https:\/\/missioncelte.fr\/wp-content\/uploads\/2023\/08\/image-300x190.png 300w\" sizes=\"auto, (max-width: 381px) 100vw, 381px\" \/><\/figure>\n\n\n\n<h3 class=\"wp-block-heading\">Notre mission<\/h3>\n\n\n\n<h5 class=\"wp-block-heading\">Notre mission est de promouvoir la foi chr\u00e9tienne et l&rsquo;amour du prochain. Nous croyons en une approche sociale de la religion, o\u00f9 tous sont les bienvenus. Nous nous engageons \u00e0 \u00eatre une communaut\u00e9 accueillante et \u00e0 offrir une cat\u00e9ch\u00e8se adapt\u00e9e aux besoins du temps.<\/h5>\n","protected":false},"excerpt":{"rendered":"<p>Bienvenue \u00e0 Mission Celte Gallicane Sainte Brigitte de Kildare de Bordeaux , . Nos valeurs Nous sommes fiers de puiser dans les traditions l\u00e9gu\u00e9es par nos p\u00e8res fondateurs et de maintenir une liturgie gallicane fid\u00e8le \u00e0 celle pratiqu\u00e9e en Gaule et en Irlande jusqu&rsquo;au XI\u00e8me si\u00e8cle. Cependant, nous sommes \u00e9galement progressistes. Notre engagement humaniste et [&hellip;]<\/p>\n","protected":false},"author":1,"featured_media":0,"parent":0,"menu_order":0,"comment_status":"closed","ping_status":"closed","template":"","meta":{"om_disable_all_campaigns":false,"_monsterinsights_skip_tracking":false,"_monsterinsights_sitenote_active":false,"_monsterinsights_sitenote_note":"","_monsterinsights_sitenote_category":0,"_uf_show_specific_survey":0,"_uf_disable_surveys":false,"iawp_total_views":640,"footnotes":""},"class_list":["post-5","page","type-page","status-publish","hentry"],"blocksy_meta":[],"aioseo_notices":[],"yoast_head":"<!-- This site is optimized with the Yoast SEO plugin v26.8 - https:\/\/yoast.com\/product\/yoast-seo-wordpress\/ -->\n<title>Accueil - missioncelte.fr<\/title>\n<meta name=\"robots\" content=\"index, follow, max-snippet:-1, max-image-preview:large, max-video-preview:-1\" \/>\n<link rel=\"canonical\" href=\"https:\/\/missioncelte.fr\/\" \/>\n<meta property=\"og:locale\" content=\"fr_FR\" \/>\n<meta property=\"og:type\" content=\"article\" \/>\n<meta property=\"og:title\" content=\"Accueil - missioncelte.fr\" \/>\n<meta property=\"og:description\" content=\"Bienvenue \u00e0 Mission Celte Gallicane Sainte Brigitte de Kildare de Bordeaux , . Nos valeurs Nous sommes fiers de puiser dans les traditions l\u00e9gu\u00e9es par nos p\u00e8res fondateurs et de maintenir une liturgie gallicane fid\u00e8le \u00e0 celle pratiqu\u00e9e en Gaule et en Irlande jusqu&rsquo;au XI\u00e8me si\u00e8cle. Cependant, nous sommes \u00e9galement progressistes. Notre engagement humaniste et [&hellip;]\" \/>\n<meta property=\"og:url\" content=\"https:\/\/missioncelte.fr\/\" \/>\n<meta property=\"og:site_name\" content=\"missioncelte.fr\" \/>\n<meta property=\"article:publisher\" content=\"https:\/\/www.facebook.com\/frere.barthelemy.9\" \/>\n<meta property=\"article:modified_time\" content=\"2023-08-28T06:07:14+00:00\" \/>\n<meta property=\"og:image\" content=\"http:\/\/missioncelte.fr\/wp-content\/uploads\/2023\/08\/127458944_705427230347796_5859172656426541205_n.jpg\" \/>\n<meta name=\"twitter:card\" content=\"summary_large_image\" \/>\n<script type=\"application\/ld+json\" class=\"yoast-schema-graph\">{\"@context\":\"https:\/\/schema.org\",\"@graph\":[{\"@type\":\"WebPage\",\"@id\":\"https:\/\/missioncelte.fr\/\",\"url\":\"https:\/\/missioncelte.fr\/\",\"name\":\"Accueil - missioncelte.fr\",\"isPartOf\":{\"@id\":\"https:\/\/missioncelte.fr\/#website\"},\"primaryImageOfPage\":{\"@id\":\"https:\/\/missioncelte.fr\/#primaryimage\"},\"image\":{\"@id\":\"https:\/\/missioncelte.fr\/#primaryimage\"},\"thumbnailUrl\":\"http:\/\/missioncelte.fr\/wp-content\/uploads\/2023\/08\/127458944_705427230347796_5859172656426541205_n.jpg\",\"datePublished\":\"2023-08-02T18:00:45+00:00\",\"dateModified\":\"2023-08-28T06:07:14+00:00\",\"breadcrumb\":{\"@id\":\"https:\/\/missioncelte.fr\/#breadcrumb\"},\"inLanguage\":\"fr-FR\",\"potentialAction\":[{\"@type\":\"ReadAction\",\"target\":[\"https:\/\/missioncelte.fr\/\"]}]},{\"@type\":\"ImageObject\",\"inLanguage\":\"fr-FR\",\"@id\":\"https:\/\/missioncelte.fr\/#primaryimage\",\"url\":\"http:\/\/missioncelte.fr\/wp-content\/uploads\/2023\/08\/127458944_705427230347796_5859172656426541205_n.jpg\",\"contentUrl\":\"http:\/\/missioncelte.fr\/wp-content\/uploads\/2023\/08\/127458944_705427230347796_5859172656426541205_n.jpg\"},{\"@type\":\"BreadcrumbList\",\"@id\":\"https:\/\/missioncelte.fr\/#breadcrumb\",\"itemListElement\":[{\"@type\":\"ListItem\",\"position\":1,\"name\":\"Accueil\",\"item\":\"https:\/\/missioncelte.fr\/\"},{\"@type\":\"ListItem\",\"position\":2,\"name\":\"Accueil\"}]},{\"@type\":\"WebSite\",\"@id\":\"https:\/\/missioncelte.fr\/#website\",\"url\":\"https:\/\/missioncelte.fr\/\",\"name\":\"missioncelte.fr\",\"description\":\"\",\"publisher\":{\"@id\":\"https:\/\/missioncelte.fr\/#organization\"},\"potentialAction\":[{\"@type\":\"SearchAction\",\"target\":{\"@type\":\"EntryPoint\",\"urlTemplate\":\"https:\/\/missioncelte.fr\/?s={search_term_string}\"},\"query-input\":{\"@type\":\"PropertyValueSpecification\",\"valueRequired\":true,\"valueName\":\"search_term_string\"}}],\"inLanguage\":\"fr-FR\"},{\"@type\":\"Organization\",\"@id\":\"https:\/\/missioncelte.fr\/#organization\",\"name\":\"missioncelte.fr\",\"url\":\"https:\/\/missioncelte.fr\/\",\"logo\":{\"@type\":\"ImageObject\",\"inLanguage\":\"fr-FR\",\"@id\":\"https:\/\/missioncelte.fr\/#\/schema\/logo\/image\/\",\"url\":\"https:\/\/missioncelte.fr\/wp-content\/uploads\/2023\/08\/poisson.png\",\"contentUrl\":\"https:\/\/missioncelte.fr\/wp-content\/uploads\/2023\/08\/poisson.png\",\"width\":1600,\"height\":632,\"caption\":\"missioncelte.fr\"},\"image\":{\"@id\":\"https:\/\/missioncelte.fr\/#\/schema\/logo\/image\/\"},\"sameAs\":[\"https:\/\/www.facebook.com\/frere.barthelemy.9\",\"https:\/\/www.facebook.com\/profile.php?id=100085429027200\"]}]}<\/script>\n<!-- \/ Yoast SEO plugin. -->","yoast_head_json":{"title":"Accueil - missioncelte.fr","robots":{"index":"index","follow":"follow","max-snippet":"max-snippet:-1","max-image-preview":"max-image-preview:large","max-video-preview":"max-video-preview:-1"},"canonical":"https:\/\/missioncelte.fr\/","og_locale":"fr_FR","og_type":"article","og_title":"Accueil - missioncelte.fr","og_description":"Bienvenue \u00e0 Mission Celte Gallicane Sainte Brigitte de Kildare de Bordeaux , . Nos valeurs Nous sommes fiers de puiser dans les traditions l\u00e9gu\u00e9es par nos p\u00e8res fondateurs et de maintenir une liturgie gallicane fid\u00e8le \u00e0 celle pratiqu\u00e9e en Gaule et en Irlande jusqu&rsquo;au XI\u00e8me si\u00e8cle. Cependant, nous sommes \u00e9galement progressistes. Notre engagement humaniste et [&hellip;]","og_url":"https:\/\/missioncelte.fr\/","og_site_name":"missioncelte.fr","article_publisher":"https:\/\/www.facebook.com\/frere.barthelemy.9","article_modified_time":"2023-08-28T06:07:14+00:00","og_image":[{"url":"http:\/\/missioncelte.fr\/wp-content\/uploads\/2023\/08\/127458944_705427230347796_5859172656426541205_n.jpg","type":"","width":"","height":""}],"twitter_card":"summary_large_image","schema":{"@context":"https:\/\/schema.org","@graph":[{"@type":"WebPage","@id":"https:\/\/missioncelte.fr\/","url":"https:\/\/missioncelte.fr\/","name":"Accueil - missioncelte.fr","isPartOf":{"@id":"https:\/\/missioncelte.fr\/#website"},"primaryImageOfPage":{"@id":"https:\/\/missioncelte.fr\/#primaryimage"},"image":{"@id":"https:\/\/missioncelte.fr\/#primaryimage"},"thumbnailUrl":"http:\/\/missioncelte.fr\/wp-content\/uploads\/2023\/08\/127458944_705427230347796_5859172656426541205_n.jpg","datePublished":"2023-08-02T18:00:45+00:00","dateModified":"2023-08-28T06:07:14+00:00","breadcrumb":{"@id":"https:\/\/missioncelte.fr\/#breadcrumb"},"inLanguage":"fr-FR","potentialAction":[{"@type":"ReadAction","target":["https:\/\/missioncelte.fr\/"]}]},{"@type":"ImageObject","inLanguage":"fr-FR","@id":"https:\/\/missioncelte.fr\/#primaryimage","url":"http:\/\/missioncelte.fr\/wp-content\/uploads\/2023\/08\/127458944_705427230347796_5859172656426541205_n.jpg","contentUrl":"http:\/\/missioncelte.fr\/wp-content\/uploads\/2023\/08\/127458944_705427230347796_5859172656426541205_n.jpg"},{"@type":"BreadcrumbList","@id":"https:\/\/missioncelte.fr\/#breadcrumb","itemListElement":[{"@type":"ListItem","position":1,"name":"Accueil","item":"https:\/\/missioncelte.fr\/"},{"@type":"ListItem","position":2,"name":"Accueil"}]},{"@type":"WebSite","@id":"https:\/\/missioncelte.fr\/#website","url":"https:\/\/missioncelte.fr\/","name":"missioncelte.fr","description":"","publisher":{"@id":"https:\/\/missioncelte.fr\/#organization"},"potentialAction":[{"@type":"SearchAction","target":{"@type":"EntryPoint","urlTemplate":"https:\/\/missioncelte.fr\/?s={search_term_string}"},"query-input":{"@type":"PropertyValueSpecification","valueRequired":true,"valueName":"search_term_string"}}],"inLanguage":"fr-FR"},{"@type":"Organization","@id":"https:\/\/missioncelte.fr\/#organization","name":"missioncelte.fr","url":"https:\/\/missioncelte.fr\/","logo":{"@type":"ImageObject","inLanguage":"fr-FR","@id":"https:\/\/missioncelte.fr\/#\/schema\/logo\/image\/","url":"https:\/\/missioncelte.fr\/wp-content\/uploads\/2023\/08\/poisson.png","contentUrl":"https:\/\/missioncelte.fr\/wp-content\/uploads\/2023\/08\/poisson.png","width":1600,"height":632,"caption":"missioncelte.fr"},"image":{"@id":"https:\/\/missioncelte.fr\/#\/schema\/logo\/image\/"},"sameAs":["https:\/\/www.facebook.com\/frere.barthelemy.9","https:\/\/www.facebook.com\/profile.php?id=100085429027200"]}]}},"_links":{"self":[{"href":"https:\/\/missioncelte.fr\/index.php?rest_route=\/wp\/v2\/pages\/5","targetHints":{"allow":["GET"]}}],"collection":[{"href":"https:\/\/missioncelte.fr\/index.php?rest_route=\/wp\/v2\/pages"}],"about":[{"href":"https:\/\/missioncelte.fr\/index.php?rest_route=\/wp\/v2\/types\/page"}],"author":[{"embeddable":true,"href":"https:\/\/missioncelte.fr\/index.php?rest_route=\/wp\/v2\/users\/1"}],"replies":[{"embeddable":true,"href":"https:\/\/missioncelte.fr\/index.php?rest_route=%2Fwp%2Fv2%2Fcomments&post=5"}],"version-history":[{"count":47,"href":"https:\/\/missioncelte.fr\/index.php?rest_route=\/wp\/v2\/pages\/5\/revisions"}],"predecessor-version":[{"id":381,"href":"https:\/\/missioncelte.fr\/index.php?rest_route=\/wp\/v2\/pages\/5\/revisions\/381"}],"wp:attachment":[{"href":"https:\/\/missioncelte.fr\/index.php?rest_route=%2Fwp%2Fv2%2Fmedia&parent=5"}],"curies":[{"name":"wp","href":"https:\/\/api.w.org\/{rel}","templated":true}]}}