{"id":39,"date":"2023-08-02T22:22:52","date_gmt":"2023-08-02T20:22:52","guid":{"rendered":"https:\/\/missioncelte.fr\/?page_id=39"},"modified":"2023-08-04T07:44:45","modified_gmt":"2023-08-04T05:44:45","slug":"litanies-de-sainte-brigitte","status":"publish","type":"page","link":"https:\/\/missioncelte.fr\/?page_id=39","title":{"rendered":"Litanies de Sainte Brigitte"},"content":{"rendered":"\n<div style=\"height:100px\" aria-hidden=\"true\" class=\"wp-block-spacer\"><\/div>\n\n\n\n<figure class=\"wp-block-image alignright size-full is-resized\"><img loading=\"lazy\" decoding=\"async\" src=\"http:\/\/missioncelte.fr\/wp-content\/uploads\/2023\/08\/images.jpg\" alt=\"\" class=\"wp-image-100\" style=\"width:460px;height:628px\" width=\"460\" height=\"628\"\/><\/figure>\n\n\n\n<figure class=\"wp-block-pullquote\"><blockquote><p>Seigneur, ayez piti\u00e9 de nous.<br>Seigneur, ayez piti\u00e9 de nous.<br>Christ, ayez piti\u00e9 de nous.<br>Christ, ayez piti\u00e9 de nous.<br>Seigneur, ayez piti\u00e9 de nous.<br>Seigneur, ayez piti\u00e9 de nous.<br>Christ, \u00e9coutez-nous.<br>Christ, exaucez-nous.<br>Dieu le P\u00e8re Tout Puissant, ayez piti\u00e9 de nous.<br>Dieu le Fils, R\u00e9dempteur du monde, ayez piti\u00e9 de nous.<br>Dieu le Saint-Esprit, ayez piti\u00e9 de nous.<br>Sainte Trinit\u00e9, qui \u00eates un seul Dieu, ayez piti\u00e9 de nous.<br>Sainte Marie, Reine des vierges, priez pour nous.<br>Sainte Brigitte de Kildare, priez pour nous.<br>Marie du Ga\u00ebl, priez pour nous.<br>Sainte Brigitte, Sainte Patronne d&rsquo;Irlande, priez pour nous.<br>Sainte Brigitte, lumi\u00e8re \u00e9clatante de la vertu et de la saintet\u00e9, priez pour nous.<br>Sainte Brigitte, \u00e9pouse consacr\u00e9e de J\u00e9sus-Christ, priez pour nous.<\/p><\/blockquote><\/figure>\n","protected":false},"excerpt":{"rendered":"<p>Seigneur, ayez piti\u00e9 de nous.Seigneur, ayez piti\u00e9 de nous.Christ, ayez piti\u00e9 de nous.Christ, ayez piti\u00e9 de nous.Seigneur, ayez piti\u00e9 de nous.Seigneur, ayez piti\u00e9 de nous.Christ, \u00e9coutez-nous.Christ, exaucez-nous.Dieu le P\u00e8re Tout Puissant, ayez piti\u00e9 de nous.Dieu le Fils, R\u00e9dempteur du monde, ayez piti\u00e9 de nous.Dieu le Saint-Esprit, ayez piti\u00e9 de nous.Sainte Trinit\u00e9, qui \u00eates un seul [&hellip;]<\/p>\n","protected":false},"author":1,"featured_media":0,"parent":31,"menu_order":3,"comment_status":"closed","ping_status":"closed","template":"","meta":{"om_disable_all_campaigns":false,"_monsterinsights_skip_tracking":false,"_monsterinsights_sitenote_active":false,"_monsterinsights_sitenote_note":"","_monsterinsights_sitenote_category":0,"_uf_show_specific_survey":0,"_uf_disable_surveys":false,"iawp_total_views":123,"footnotes":""},"class_list":["post-39","page","type-page","status-publish","hentry"],"blocksy_meta":[],"aioseo_notices":[],"yoast_head":"<!-- This site is optimized with the Yoast SEO plugin v26.8 - https:\/\/yoast.com\/product\/yoast-seo-wordpress\/ -->\n<title>Litanies de Sainte Brigitte - missioncelte.fr<\/title>\n<meta name=\"robots\" content=\"index, follow, max-snippet:-1, max-image-preview:large, max-video-preview:-1\" \/>\n<link rel=\"canonical\" href=\"https:\/\/missioncelte.fr\/?page_id=39\" \/>\n<meta property=\"og:locale\" content=\"fr_FR\" \/>\n<meta property=\"og:type\" content=\"article\" \/>\n<meta property=\"og:title\" content=\"Litanies de Sainte Brigitte - missioncelte.fr\" \/>\n<meta property=\"og:description\" content=\"Seigneur, ayez piti\u00e9 de nous.Seigneur, ayez piti\u00e9 de nous.Christ, ayez piti\u00e9 de nous.Christ, ayez piti\u00e9 de nous.Seigneur, ayez piti\u00e9 de nous.Seigneur, ayez piti\u00e9 de nous.Christ, \u00e9coutez-nous.Christ, exaucez-nous.Dieu le P\u00e8re Tout Puissant, ayez piti\u00e9 de nous.Dieu le Fils, R\u00e9dempteur du monde, ayez piti\u00e9 de nous.Dieu le Saint-Esprit, ayez piti\u00e9 de nous.Sainte Trinit\u00e9, qui \u00eates un seul [&hellip;]\" \/>\n<meta property=\"og:url\" content=\"https:\/\/missioncelte.fr\/?page_id=39\" \/>\n<meta property=\"og:site_name\" content=\"missioncelte.fr\" \/>\n<meta property=\"article:publisher\" content=\"https:\/\/www.facebook.com\/frere.barthelemy.9\" \/>\n<meta property=\"article:modified_time\" content=\"2023-08-04T05:44:45+00:00\" \/>\n<meta property=\"og:image\" content=\"http:\/\/missioncelte.fr\/wp-content\/uploads\/2023\/08\/images.jpg\" \/>\n<meta name=\"twitter:card\" content=\"summary_large_image\" \/>\n<meta name=\"twitter:label1\" content=\"Dur\u00e9e de lecture estim\u00e9e\" \/>\n\t<meta name=\"twitter:data1\" content=\"1 minute\" \/>\n<script type=\"application\/ld+json\" class=\"yoast-schema-graph\">{\"@context\":\"https:\/\/schema.org\",\"@graph\":[{\"@type\":\"WebPage\",\"@id\":\"https:\/\/missioncelte.fr\/?page_id=39\",\"url\":\"https:\/\/missioncelte.fr\/?page_id=39\",\"name\":\"Litanies de Sainte Brigitte - missioncelte.fr\",\"isPartOf\":{\"@id\":\"https:\/\/missioncelte.fr\/#website\"},\"primaryImageOfPage\":{\"@id\":\"https:\/\/missioncelte.fr\/?page_id=39#primaryimage\"},\"image\":{\"@id\":\"https:\/\/missioncelte.fr\/?page_id=39#primaryimage\"},\"thumbnailUrl\":\"http:\/\/missioncelte.fr\/wp-content\/uploads\/2023\/08\/images.jpg\",\"datePublished\":\"2023-08-02T20:22:52+00:00\",\"dateModified\":\"2023-08-04T05:44:45+00:00\",\"breadcrumb\":{\"@id\":\"https:\/\/missioncelte.fr\/?page_id=39#breadcrumb\"},\"inLanguage\":\"fr-FR\",\"potentialAction\":[{\"@type\":\"ReadAction\",\"target\":[\"https:\/\/missioncelte.fr\/?page_id=39\"]}]},{\"@type\":\"ImageObject\",\"inLanguage\":\"fr-FR\",\"@id\":\"https:\/\/missioncelte.fr\/?page_id=39#primaryimage\",\"url\":\"http:\/\/missioncelte.fr\/wp-content\/uploads\/2023\/08\/images.jpg\",\"contentUrl\":\"http:\/\/missioncelte.fr\/wp-content\/uploads\/2023\/08\/images.jpg\"},{\"@type\":\"BreadcrumbList\",\"@id\":\"https:\/\/missioncelte.fr\/?page_id=39#breadcrumb\",\"itemListElement\":[{\"@type\":\"ListItem\",\"position\":1,\"name\":\"Accueil\",\"item\":\"https:\/\/missioncelte.fr\/\"},{\"@type\":\"ListItem\",\"position\":2,\"name\":\"Textes\",\"item\":\"https:\/\/missioncelte.fr\/?page_id=31\"},{\"@type\":\"ListItem\",\"position\":3,\"name\":\"Litanies de Sainte Brigitte\"}]},{\"@type\":\"WebSite\",\"@id\":\"https:\/\/missioncelte.fr\/#website\",\"url\":\"https:\/\/missioncelte.fr\/\",\"name\":\"missioncelte.fr\",\"description\":\"\",\"publisher\":{\"@id\":\"https:\/\/missioncelte.fr\/#organization\"},\"potentialAction\":[{\"@type\":\"SearchAction\",\"target\":{\"@type\":\"EntryPoint\",\"urlTemplate\":\"https:\/\/missioncelte.fr\/?s={search_term_string}\"},\"query-input\":{\"@type\":\"PropertyValueSpecification\",\"valueRequired\":true,\"valueName\":\"search_term_string\"}}],\"inLanguage\":\"fr-FR\"},{\"@type\":\"Organization\",\"@id\":\"https:\/\/missioncelte.fr\/#organization\",\"name\":\"missioncelte.fr\",\"url\":\"https:\/\/missioncelte.fr\/\",\"logo\":{\"@type\":\"ImageObject\",\"inLanguage\":\"fr-FR\",\"@id\":\"https:\/\/missioncelte.fr\/#\/schema\/logo\/image\/\",\"url\":\"https:\/\/missioncelte.fr\/wp-content\/uploads\/2023\/08\/poisson.png\",\"contentUrl\":\"https:\/\/missioncelte.fr\/wp-content\/uploads\/2023\/08\/poisson.png\",\"width\":1600,\"height\":632,\"caption\":\"missioncelte.fr\"},\"image\":{\"@id\":\"https:\/\/missioncelte.fr\/#\/schema\/logo\/image\/\"},\"sameAs\":[\"https:\/\/www.facebook.com\/frere.barthelemy.9\",\"https:\/\/www.facebook.com\/profile.php?id=100085429027200\"]}]}<\/script>\n<!-- \/ Yoast SEO plugin. -->","yoast_head_json":{"title":"Litanies de Sainte Brigitte - missioncelte.fr","robots":{"index":"index","follow":"follow","max-snippet":"max-snippet:-1","max-image-preview":"max-image-preview:large","max-video-preview":"max-video-preview:-1"},"canonical":"https:\/\/missioncelte.fr\/?page_id=39","og_locale":"fr_FR","og_type":"article","og_title":"Litanies de Sainte Brigitte - missioncelte.fr","og_description":"Seigneur, ayez piti\u00e9 de nous.Seigneur, ayez piti\u00e9 de nous.Christ, ayez piti\u00e9 de nous.Christ, ayez piti\u00e9 de nous.Seigneur, ayez piti\u00e9 de nous.Seigneur, ayez piti\u00e9 de nous.Christ, \u00e9coutez-nous.Christ, exaucez-nous.Dieu le P\u00e8re Tout Puissant, ayez piti\u00e9 de nous.Dieu le Fils, R\u00e9dempteur du monde, ayez piti\u00e9 de nous.Dieu le Saint-Esprit, ayez piti\u00e9 de nous.Sainte Trinit\u00e9, qui \u00eates un seul [&hellip;]","og_url":"https:\/\/missioncelte.fr\/?page_id=39","og_site_name":"missioncelte.fr","article_publisher":"https:\/\/www.facebook.com\/frere.barthelemy.9","article_modified_time":"2023-08-04T05:44:45+00:00","og_image":[{"url":"http:\/\/missioncelte.fr\/wp-content\/uploads\/2023\/08\/images.jpg","type":"","width":"","height":""}],"twitter_card":"summary_large_image","twitter_misc":{"Dur\u00e9e de lecture estim\u00e9e":"1 minute"},"schema":{"@context":"https:\/\/schema.org","@graph":[{"@type":"WebPage","@id":"https:\/\/missioncelte.fr\/?page_id=39","url":"https:\/\/missioncelte.fr\/?page_id=39","name":"Litanies de Sainte Brigitte - missioncelte.fr","isPartOf":{"@id":"https:\/\/missioncelte.fr\/#website"},"primaryImageOfPage":{"@id":"https:\/\/missioncelte.fr\/?page_id=39#primaryimage"},"image":{"@id":"https:\/\/missioncelte.fr\/?page_id=39#primaryimage"},"thumbnailUrl":"http:\/\/missioncelte.fr\/wp-content\/uploads\/2023\/08\/images.jpg","datePublished":"2023-08-02T20:22:52+00:00","dateModified":"2023-08-04T05:44:45+00:00","breadcrumb":{"@id":"https:\/\/missioncelte.fr\/?page_id=39#breadcrumb"},"inLanguage":"fr-FR","potentialAction":[{"@type":"ReadAction","target":["https:\/\/missioncelte.fr\/?page_id=39"]}]},{"@type":"ImageObject","inLanguage":"fr-FR","@id":"https:\/\/missioncelte.fr\/?page_id=39#primaryimage","url":"http:\/\/missioncelte.fr\/wp-content\/uploads\/2023\/08\/images.jpg","contentUrl":"http:\/\/missioncelte.fr\/wp-content\/uploads\/2023\/08\/images.jpg"},{"@type":"BreadcrumbList","@id":"https:\/\/missioncelte.fr\/?page_id=39#breadcrumb","itemListElement":[{"@type":"ListItem","position":1,"name":"Accueil","item":"https:\/\/missioncelte.fr\/"},{"@type":"ListItem","position":2,"name":"Textes","item":"https:\/\/missioncelte.fr\/?page_id=31"},{"@type":"ListItem","position":3,"name":"Litanies de Sainte Brigitte"}]},{"@type":"WebSite","@id":"https:\/\/missioncelte.fr\/#website","url":"https:\/\/missioncelte.fr\/","name":"missioncelte.fr","description":"","publisher":{"@id":"https:\/\/missioncelte.fr\/#organization"},"potentialAction":[{"@type":"SearchAction","target":{"@type":"EntryPoint","urlTemplate":"https:\/\/missioncelte.fr\/?s={search_term_string}"},"query-input":{"@type":"PropertyValueSpecification","valueRequired":true,"valueName":"search_term_string"}}],"inLanguage":"fr-FR"},{"@type":"Organization","@id":"https:\/\/missioncelte.fr\/#organization","name":"missioncelte.fr","url":"https:\/\/missioncelte.fr\/","logo":{"@type":"ImageObject","inLanguage":"fr-FR","@id":"https:\/\/missioncelte.fr\/#\/schema\/logo\/image\/","url":"https:\/\/missioncelte.fr\/wp-content\/uploads\/2023\/08\/poisson.png","contentUrl":"https:\/\/missioncelte.fr\/wp-content\/uploads\/2023\/08\/poisson.png","width":1600,"height":632,"caption":"missioncelte.fr"},"image":{"@id":"https:\/\/missioncelte.fr\/#\/schema\/logo\/image\/"},"sameAs":["https:\/\/www.facebook.com\/frere.barthelemy.9","https:\/\/www.facebook.com\/profile.php?id=100085429027200"]}]}},"_links":{"self":[{"href":"https:\/\/missioncelte.fr\/index.php?rest_route=\/wp\/v2\/pages\/39","targetHints":{"allow":["GET"]}}],"collection":[{"href":"https:\/\/missioncelte.fr\/index.php?rest_route=\/wp\/v2\/pages"}],"about":[{"href":"https:\/\/missioncelte.fr\/index.php?rest_route=\/wp\/v2\/types\/page"}],"author":[{"embeddable":true,"href":"https:\/\/missioncelte.fr\/index.php?rest_route=\/wp\/v2\/users\/1"}],"replies":[{"embeddable":true,"href":"https:\/\/missioncelte.fr\/index.php?rest_route=%2Fwp%2Fv2%2Fcomments&post=39"}],"version-history":[{"count":2,"href":"https:\/\/missioncelte.fr\/index.php?rest_route=\/wp\/v2\/pages\/39\/revisions"}],"predecessor-version":[{"id":267,"href":"https:\/\/missioncelte.fr\/index.php?rest_route=\/wp\/v2\/pages\/39\/revisions\/267"}],"up":[{"embeddable":true,"href":"https:\/\/missioncelte.fr\/index.php?rest_route=\/wp\/v2\/pages\/31"}],"wp:attachment":[{"href":"https:\/\/missioncelte.fr\/index.php?rest_route=%2Fwp%2Fv2%2Fmedia&parent=39"}],"curies":[{"name":"wp","href":"https:\/\/api.w.org\/{rel}","templated":true}]}}