{"id":35,"date":"2023-08-02T22:18:50","date_gmt":"2023-08-02T20:18:50","guid":{"rendered":"https:\/\/missioncelte.fr\/?page_id=35"},"modified":"2023-08-04T07:51:37","modified_gmt":"2023-08-04T05:51:37","slug":"je-vous-salue-marie","status":"publish","type":"page","link":"https:\/\/missioncelte.fr\/?page_id=35","title":{"rendered":"Je vous salue Marie"},"content":{"rendered":"\n<div style=\"height:100px\" aria-hidden=\"true\" class=\"wp-block-spacer\"><\/div>\n\n\n\n<figure class=\"wp-block-image alignleft size-full is-resized\"><img loading=\"lazy\" decoding=\"async\" src=\"http:\/\/missioncelte.fr\/wp-content\/uploads\/2023\/08\/Dame-de-kazan.jpg\" alt=\"\" class=\"wp-image-86\" style=\"width:372px;height:488px\" width=\"372\" height=\"488\"\/><\/figure>\n\n\n\n<figure class=\"wp-block-pullquote alignwide\"><blockquote><p>Je vous salue Marie, pleine de gr\u00e2ce ;<br>Le Seigneur est avec vous.<br>Vous \u00eates b\u00e9nie entre toutes les femmes<br>Et J\u00e9sus, le fruit de vos entrailles, est b\u00e9ni.<br>Sainte Marie, M\u00e8re de Dieu,<br>Priez pour nous pauvres p\u00e9cheurs,<br>Maintenant et \u00e0 l\u2019heure de notre mort.<br>Amen<\/p><\/blockquote><\/figure>\n\n\n\n<p><\/p>\n","protected":false},"excerpt":{"rendered":"<p>Je vous salue Marie, pleine de gr\u00e2ce ;Le Seigneur est avec vous.Vous \u00eates b\u00e9nie entre toutes les femmesEt J\u00e9sus, le fruit de vos entrailles, est b\u00e9ni.Sainte Marie, M\u00e8re de Dieu,Priez pour nous pauvres p\u00e9cheurs,Maintenant et \u00e0 l\u2019heure de notre mort.Amen<\/p>\n","protected":false},"author":1,"featured_media":0,"parent":31,"menu_order":1,"comment_status":"closed","ping_status":"closed","template":"","meta":{"om_disable_all_campaigns":false,"_monsterinsights_skip_tracking":false,"_monsterinsights_sitenote_active":false,"_monsterinsights_sitenote_note":"","_monsterinsights_sitenote_category":0,"_uf_show_specific_survey":0,"_uf_disable_surveys":false,"iawp_total_views":12,"footnotes":""},"class_list":["post-35","page","type-page","status-publish","hentry"],"blocksy_meta":[],"aioseo_notices":[],"yoast_head":"<!-- This site is optimized with the Yoast SEO plugin v26.8 - https:\/\/yoast.com\/product\/yoast-seo-wordpress\/ -->\n<title>Je vous salue Marie - missioncelte.fr<\/title>\n<meta name=\"robots\" content=\"index, follow, max-snippet:-1, max-image-preview:large, max-video-preview:-1\" \/>\n<link rel=\"canonical\" href=\"https:\/\/missioncelte.fr\/?page_id=35\" \/>\n<meta property=\"og:locale\" content=\"fr_FR\" \/>\n<meta property=\"og:type\" content=\"article\" \/>\n<meta property=\"og:title\" content=\"Je vous salue Marie - missioncelte.fr\" \/>\n<meta property=\"og:description\" content=\"Je vous salue Marie, pleine de gr\u00e2ce ;Le Seigneur est avec vous.Vous \u00eates b\u00e9nie entre toutes les femmesEt J\u00e9sus, le fruit de vos entrailles, est b\u00e9ni.Sainte Marie, M\u00e8re de Dieu,Priez pour nous pauvres p\u00e9cheurs,Maintenant et \u00e0 l\u2019heure de notre mort.Amen\" \/>\n<meta property=\"og:url\" content=\"https:\/\/missioncelte.fr\/?page_id=35\" \/>\n<meta property=\"og:site_name\" content=\"missioncelte.fr\" \/>\n<meta property=\"article:publisher\" content=\"https:\/\/www.facebook.com\/frere.barthelemy.9\" \/>\n<meta property=\"article:modified_time\" content=\"2023-08-04T05:51:37+00:00\" \/>\n<meta property=\"og:image\" content=\"http:\/\/missioncelte.fr\/wp-content\/uploads\/2023\/08\/Dame-de-kazan.jpg\" \/>\n<meta name=\"twitter:card\" content=\"summary_large_image\" \/>\n<script type=\"application\/ld+json\" class=\"yoast-schema-graph\">{\"@context\":\"https:\/\/schema.org\",\"@graph\":[{\"@type\":\"WebPage\",\"@id\":\"https:\/\/missioncelte.fr\/?page_id=35\",\"url\":\"https:\/\/missioncelte.fr\/?page_id=35\",\"name\":\"Je vous salue Marie - missioncelte.fr\",\"isPartOf\":{\"@id\":\"https:\/\/missioncelte.fr\/#website\"},\"primaryImageOfPage\":{\"@id\":\"https:\/\/missioncelte.fr\/?page_id=35#primaryimage\"},\"image\":{\"@id\":\"https:\/\/missioncelte.fr\/?page_id=35#primaryimage\"},\"thumbnailUrl\":\"http:\/\/missioncelte.fr\/wp-content\/uploads\/2023\/08\/Dame-de-kazan.jpg\",\"datePublished\":\"2023-08-02T20:18:50+00:00\",\"dateModified\":\"2023-08-04T05:51:37+00:00\",\"breadcrumb\":{\"@id\":\"https:\/\/missioncelte.fr\/?page_id=35#breadcrumb\"},\"inLanguage\":\"fr-FR\",\"potentialAction\":[{\"@type\":\"ReadAction\",\"target\":[\"https:\/\/missioncelte.fr\/?page_id=35\"]}]},{\"@type\":\"ImageObject\",\"inLanguage\":\"fr-FR\",\"@id\":\"https:\/\/missioncelte.fr\/?page_id=35#primaryimage\",\"url\":\"http:\/\/missioncelte.fr\/wp-content\/uploads\/2023\/08\/Dame-de-kazan.jpg\",\"contentUrl\":\"http:\/\/missioncelte.fr\/wp-content\/uploads\/2023\/08\/Dame-de-kazan.jpg\"},{\"@type\":\"BreadcrumbList\",\"@id\":\"https:\/\/missioncelte.fr\/?page_id=35#breadcrumb\",\"itemListElement\":[{\"@type\":\"ListItem\",\"position\":1,\"name\":\"Accueil\",\"item\":\"https:\/\/missioncelte.fr\/\"},{\"@type\":\"ListItem\",\"position\":2,\"name\":\"Textes\",\"item\":\"https:\/\/missioncelte.fr\/?page_id=31\"},{\"@type\":\"ListItem\",\"position\":3,\"name\":\"Je vous salue Marie\"}]},{\"@type\":\"WebSite\",\"@id\":\"https:\/\/missioncelte.fr\/#website\",\"url\":\"https:\/\/missioncelte.fr\/\",\"name\":\"missioncelte.fr\",\"description\":\"\",\"publisher\":{\"@id\":\"https:\/\/missioncelte.fr\/#organization\"},\"potentialAction\":[{\"@type\":\"SearchAction\",\"target\":{\"@type\":\"EntryPoint\",\"urlTemplate\":\"https:\/\/missioncelte.fr\/?s={search_term_string}\"},\"query-input\":{\"@type\":\"PropertyValueSpecification\",\"valueRequired\":true,\"valueName\":\"search_term_string\"}}],\"inLanguage\":\"fr-FR\"},{\"@type\":\"Organization\",\"@id\":\"https:\/\/missioncelte.fr\/#organization\",\"name\":\"missioncelte.fr\",\"url\":\"https:\/\/missioncelte.fr\/\",\"logo\":{\"@type\":\"ImageObject\",\"inLanguage\":\"fr-FR\",\"@id\":\"https:\/\/missioncelte.fr\/#\/schema\/logo\/image\/\",\"url\":\"https:\/\/missioncelte.fr\/wp-content\/uploads\/2023\/08\/poisson.png\",\"contentUrl\":\"https:\/\/missioncelte.fr\/wp-content\/uploads\/2023\/08\/poisson.png\",\"width\":1600,\"height\":632,\"caption\":\"missioncelte.fr\"},\"image\":{\"@id\":\"https:\/\/missioncelte.fr\/#\/schema\/logo\/image\/\"},\"sameAs\":[\"https:\/\/www.facebook.com\/frere.barthelemy.9\",\"https:\/\/www.facebook.com\/profile.php?id=100085429027200\"]}]}<\/script>\n<!-- \/ Yoast SEO plugin. -->","yoast_head_json":{"title":"Je vous salue Marie - missioncelte.fr","robots":{"index":"index","follow":"follow","max-snippet":"max-snippet:-1","max-image-preview":"max-image-preview:large","max-video-preview":"max-video-preview:-1"},"canonical":"https:\/\/missioncelte.fr\/?page_id=35","og_locale":"fr_FR","og_type":"article","og_title":"Je vous salue Marie - missioncelte.fr","og_description":"Je vous salue Marie, pleine de gr\u00e2ce ;Le Seigneur est avec vous.Vous \u00eates b\u00e9nie entre toutes les femmesEt J\u00e9sus, le fruit de vos entrailles, est b\u00e9ni.Sainte Marie, M\u00e8re de Dieu,Priez pour nous pauvres p\u00e9cheurs,Maintenant et \u00e0 l\u2019heure de notre mort.Amen","og_url":"https:\/\/missioncelte.fr\/?page_id=35","og_site_name":"missioncelte.fr","article_publisher":"https:\/\/www.facebook.com\/frere.barthelemy.9","article_modified_time":"2023-08-04T05:51:37+00:00","og_image":[{"url":"http:\/\/missioncelte.fr\/wp-content\/uploads\/2023\/08\/Dame-de-kazan.jpg","type":"","width":"","height":""}],"twitter_card":"summary_large_image","schema":{"@context":"https:\/\/schema.org","@graph":[{"@type":"WebPage","@id":"https:\/\/missioncelte.fr\/?page_id=35","url":"https:\/\/missioncelte.fr\/?page_id=35","name":"Je vous salue Marie - missioncelte.fr","isPartOf":{"@id":"https:\/\/missioncelte.fr\/#website"},"primaryImageOfPage":{"@id":"https:\/\/missioncelte.fr\/?page_id=35#primaryimage"},"image":{"@id":"https:\/\/missioncelte.fr\/?page_id=35#primaryimage"},"thumbnailUrl":"http:\/\/missioncelte.fr\/wp-content\/uploads\/2023\/08\/Dame-de-kazan.jpg","datePublished":"2023-08-02T20:18:50+00:00","dateModified":"2023-08-04T05:51:37+00:00","breadcrumb":{"@id":"https:\/\/missioncelte.fr\/?page_id=35#breadcrumb"},"inLanguage":"fr-FR","potentialAction":[{"@type":"ReadAction","target":["https:\/\/missioncelte.fr\/?page_id=35"]}]},{"@type":"ImageObject","inLanguage":"fr-FR","@id":"https:\/\/missioncelte.fr\/?page_id=35#primaryimage","url":"http:\/\/missioncelte.fr\/wp-content\/uploads\/2023\/08\/Dame-de-kazan.jpg","contentUrl":"http:\/\/missioncelte.fr\/wp-content\/uploads\/2023\/08\/Dame-de-kazan.jpg"},{"@type":"BreadcrumbList","@id":"https:\/\/missioncelte.fr\/?page_id=35#breadcrumb","itemListElement":[{"@type":"ListItem","position":1,"name":"Accueil","item":"https:\/\/missioncelte.fr\/"},{"@type":"ListItem","position":2,"name":"Textes","item":"https:\/\/missioncelte.fr\/?page_id=31"},{"@type":"ListItem","position":3,"name":"Je vous salue Marie"}]},{"@type":"WebSite","@id":"https:\/\/missioncelte.fr\/#website","url":"https:\/\/missioncelte.fr\/","name":"missioncelte.fr","description":"","publisher":{"@id":"https:\/\/missioncelte.fr\/#organization"},"potentialAction":[{"@type":"SearchAction","target":{"@type":"EntryPoint","urlTemplate":"https:\/\/missioncelte.fr\/?s={search_term_string}"},"query-input":{"@type":"PropertyValueSpecification","valueRequired":true,"valueName":"search_term_string"}}],"inLanguage":"fr-FR"},{"@type":"Organization","@id":"https:\/\/missioncelte.fr\/#organization","name":"missioncelte.fr","url":"https:\/\/missioncelte.fr\/","logo":{"@type":"ImageObject","inLanguage":"fr-FR","@id":"https:\/\/missioncelte.fr\/#\/schema\/logo\/image\/","url":"https:\/\/missioncelte.fr\/wp-content\/uploads\/2023\/08\/poisson.png","contentUrl":"https:\/\/missioncelte.fr\/wp-content\/uploads\/2023\/08\/poisson.png","width":1600,"height":632,"caption":"missioncelte.fr"},"image":{"@id":"https:\/\/missioncelte.fr\/#\/schema\/logo\/image\/"},"sameAs":["https:\/\/www.facebook.com\/frere.barthelemy.9","https:\/\/www.facebook.com\/profile.php?id=100085429027200"]}]}},"_links":{"self":[{"href":"https:\/\/missioncelte.fr\/index.php?rest_route=\/wp\/v2\/pages\/35","targetHints":{"allow":["GET"]}}],"collection":[{"href":"https:\/\/missioncelte.fr\/index.php?rest_route=\/wp\/v2\/pages"}],"about":[{"href":"https:\/\/missioncelte.fr\/index.php?rest_route=\/wp\/v2\/types\/page"}],"author":[{"embeddable":true,"href":"https:\/\/missioncelte.fr\/index.php?rest_route=\/wp\/v2\/users\/1"}],"replies":[{"embeddable":true,"href":"https:\/\/missioncelte.fr\/index.php?rest_route=%2Fwp%2Fv2%2Fcomments&post=35"}],"version-history":[{"count":4,"href":"https:\/\/missioncelte.fr\/index.php?rest_route=\/wp\/v2\/pages\/35\/revisions"}],"predecessor-version":[{"id":273,"href":"https:\/\/missioncelte.fr\/index.php?rest_route=\/wp\/v2\/pages\/35\/revisions\/273"}],"up":[{"embeddable":true,"href":"https:\/\/missioncelte.fr\/index.php?rest_route=\/wp\/v2\/pages\/31"}],"wp:attachment":[{"href":"https:\/\/missioncelte.fr\/index.php?rest_route=%2Fwp%2Fv2%2Fmedia&parent=35"}],"curies":[{"name":"wp","href":"https:\/\/api.w.org\/{rel}","templated":true}]}}