{"id":29,"date":"2023-08-02T22:10:37","date_gmt":"2023-08-02T20:10:37","guid":{"rendered":"https:\/\/missioncelte.fr\/?page_id=29"},"modified":"2025-07-20T15:31:47","modified_gmt":"2025-07-20T13:31:47","slug":"calendrier","status":"publish","type":"page","link":"https:\/\/missioncelte.fr\/?page_id=29","title":{"rendered":"Calendrier des services"},"content":{"rendered":"\n<h1 class=\"wp-block-heading has-text-align-center\">Messe<\/h1>\n\n\n\n<div style=\"height:12px\" aria-hidden=\"true\" class=\"wp-block-spacer\"><\/div>\n\n\n\n<h4 class=\"wp-block-heading\" style=\"text-decoration:underline\">Dimanche 3 aout<\/h4>\n\n\n\n<p>8\u00e8me dimanche apr\u00e8s la Pentec\u00f4te<\/p>\n\n\n\n<p>L&rsquo;\u00e9conome infid\u00e8le<\/p>\n\n\n\n<p>Saint EUPHRONE<\/p>\n\n\n\n<h4 class=\"wp-block-heading\" style=\"text-decoration:underline;text-transform:none\"><strong>Dimanche 10 aout<\/strong><\/h4>\n\n\n\n<figure class=\"wp-block-image alignright size-full\"><img loading=\"lazy\" decoding=\"async\" width=\"800\" height=\"444\" src=\"https:\/\/missioncelte.fr\/wp-content\/uploads\/2025\/07\/ephata.jpg\" alt=\"\" class=\"wp-image-580\" srcset=\"https:\/\/missioncelte.fr\/wp-content\/uploads\/2025\/07\/ephata.jpg 800w, https:\/\/missioncelte.fr\/wp-content\/uploads\/2025\/07\/ephata-300x167.jpg 300w, https:\/\/missioncelte.fr\/wp-content\/uploads\/2025\/07\/ephata-768x426.jpg 768w\" sizes=\"auto, (max-width: 800px) 100vw, 800px\" \/><\/figure>\n\n\n\n<p>9 \u00e8me dimanche apr\u00e8s la Pentec\u00f4te<\/p>\n\n\n\n<p>La ruine de J\u00e9rusalem<\/p>\n\n\n\n<p>Saint Laurent<\/p>\n\n\n\n<h4 class=\"wp-block-heading\" style=\"text-decoration:underline\">Dimanche 17 aout<\/h4>\n\n\n\n<p>10 \u00e8me dimanche apr\u00e8s la Pentec\u00f4te<\/p>\n\n\n\n<p>Le Pharisien et le Publicain<\/p>\n\n\n\n<p>Saint MAMS<\/p>\n\n\n\n<h4 class=\"wp-block-heading\" style=\"text-decoration:underline\">Dimanche 24 aout<\/h4>\n\n\n\n<p>11 \u00e8me dimanche apr\u00e8s la Pentec\u00f4te<\/p>\n\n\n\n<p>EPHATA<\/p>\n\n\n\n<p>Saint BARTHELEMY<\/p>\n\n\n\n<h4 class=\"wp-block-heading\" style=\"text-decoration:underline\"><strong>Dimanche 31 aout<\/strong><\/h4>\n\n\n\n<p>12 \u00e8me dimanche apr\u00e8s la Pentec\u00f4te<\/p>\n\n\n\n<p>Le bon Samaritain<\/p>\n\n\n\n<p>Saint Paulin<\/p>\n\n\n\n<p><\/p>\n","protected":false},"excerpt":{"rendered":"<p>Messe Dimanche 3 aout 8\u00e8me dimanche apr\u00e8s la Pentec\u00f4te L&rsquo;\u00e9conome infid\u00e8le Saint EUPHRONE Dimanche 10 aout 9 \u00e8me dimanche apr\u00e8s la Pentec\u00f4te La ruine de J\u00e9rusalem Saint Laurent Dimanche 17 aout 10 \u00e8me dimanche apr\u00e8s la Pentec\u00f4te Le Pharisien et le Publicain Saint MAMS Dimanche 24 aout 11 \u00e8me dimanche apr\u00e8s la Pentec\u00f4te EPHATA Saint [&hellip;]<\/p>\n","protected":false},"author":1,"featured_media":0,"parent":0,"menu_order":6,"comment_status":"closed","ping_status":"closed","template":"","meta":{"om_disable_all_campaigns":false,"_monsterinsights_skip_tracking":false,"_monsterinsights_sitenote_active":false,"_monsterinsights_sitenote_note":"","_monsterinsights_sitenote_category":0,"_uf_show_specific_survey":0,"_uf_disable_surveys":false,"iawp_total_views":115,"footnotes":""},"class_list":["post-29","page","type-page","status-publish","hentry"],"blocksy_meta":{"has_hero_section":"enabled","page_structure_type":"default","styles_descriptor":{"styles":{"desktop":"[data-prefix=\"single_page\"] .entry-header .page-title {--theme-font-size:30px;} [data-prefix=\"single_page\"] .entry-header .entry-meta {--theme-font-weight:600;--theme-text-transform:uppercase;--theme-font-size:12px;--theme-line-height:1.3;} [data-prefix=\"single_page\"] .hero-section[data-type=\"type-1\"] {--alignment:center;--margin-bottom:59px;}","tablet":"","mobile":""},"google_fonts":{"Montserrat Alternates":["n4","n6"]},"version":6},"hero_margin":"59px","hero_alignment1":"center","hero_section":"type-1","hero_elements":[{"id":"custom_title","enabled":false,"heading_tag":"h1","title":"Accueil","__id":"T-3Ukq5VqdneNfTs5W2GQ"},{"id":"custom_description","enabled":true,"description_visibility":{"desktop":true,"tablet":true,"mobile":false},"__id":"JXGntpOslNykdI2wY3A4G"},{"id":"custom_meta","enabled":false,"meta_elements":[{"id":"author","enabled":true,"label":"Par","has_author_avatar":"yes","avatar_size":25},{"id":"post_date","enabled":true,"label":"Le","date_format_source":"default","date_format":"M j, Y"},{"id":"updated_date","enabled":false,"label":"Le","date_format_source":"default","date_format":"M j, Y"},{"id":"categories","enabled":false,"label":"Dans","style":"simple"},{"id":"comments","enabled":true}],"page_meta_elements":{"joined":true,"articles_count":true,"comments":true},"__id":"iLj20T_-SSCxX3iJn3jy-"},{"id":"breadcrumbs","enabled":false,"__id":"yxKruKRVeDVsLCxM-oqFy"}]},"aioseo_notices":[],"yoast_head":"<!-- This site is optimized with the Yoast SEO plugin v26.8 - https:\/\/yoast.com\/product\/yoast-seo-wordpress\/ -->\n<title>Calendrier des services - missioncelte.fr<\/title>\n<meta name=\"robots\" content=\"index, follow, max-snippet:-1, max-image-preview:large, max-video-preview:-1\" \/>\n<link rel=\"canonical\" href=\"https:\/\/missioncelte.fr\/?page_id=29\" \/>\n<meta property=\"og:locale\" content=\"fr_FR\" \/>\n<meta property=\"og:type\" content=\"article\" \/>\n<meta property=\"og:title\" content=\"Calendrier des services - missioncelte.fr\" \/>\n<meta property=\"og:description\" content=\"Messe Dimanche 3 aout 8\u00e8me dimanche apr\u00e8s la Pentec\u00f4te L&rsquo;\u00e9conome infid\u00e8le Saint EUPHRONE Dimanche 10 aout 9 \u00e8me dimanche apr\u00e8s la Pentec\u00f4te La ruine de J\u00e9rusalem Saint Laurent Dimanche 17 aout 10 \u00e8me dimanche apr\u00e8s la Pentec\u00f4te Le Pharisien et le Publicain Saint MAMS Dimanche 24 aout 11 \u00e8me dimanche apr\u00e8s la Pentec\u00f4te EPHATA Saint [&hellip;]\" \/>\n<meta property=\"og:url\" content=\"https:\/\/missioncelte.fr\/?page_id=29\" \/>\n<meta property=\"og:site_name\" content=\"missioncelte.fr\" \/>\n<meta property=\"article:publisher\" content=\"https:\/\/www.facebook.com\/frere.barthelemy.9\" \/>\n<meta property=\"article:modified_time\" content=\"2025-07-20T13:31:47+00:00\" \/>\n<meta property=\"og:image\" content=\"https:\/\/missioncelte.fr\/wp-content\/uploads\/2025\/07\/ephata.jpg\" \/>\n\t<meta property=\"og:image:width\" content=\"800\" \/>\n\t<meta property=\"og:image:height\" content=\"444\" \/>\n\t<meta property=\"og:image:type\" content=\"image\/jpeg\" \/>\n<meta name=\"twitter:card\" content=\"summary_large_image\" \/>\n<meta name=\"twitter:label1\" content=\"Dur\u00e9e de lecture estim\u00e9e\" \/>\n\t<meta name=\"twitter:data1\" content=\"1 minute\" \/>\n<script type=\"application\/ld+json\" class=\"yoast-schema-graph\">{\"@context\":\"https:\/\/schema.org\",\"@graph\":[{\"@type\":\"WebPage\",\"@id\":\"https:\/\/missioncelte.fr\/?page_id=29\",\"url\":\"https:\/\/missioncelte.fr\/?page_id=29\",\"name\":\"Calendrier des services - missioncelte.fr\",\"isPartOf\":{\"@id\":\"https:\/\/missioncelte.fr\/#website\"},\"primaryImageOfPage\":{\"@id\":\"https:\/\/missioncelte.fr\/?page_id=29#primaryimage\"},\"image\":{\"@id\":\"https:\/\/missioncelte.fr\/?page_id=29#primaryimage\"},\"thumbnailUrl\":\"https:\/\/missioncelte.fr\/wp-content\/uploads\/2025\/07\/ephata.jpg\",\"datePublished\":\"2023-08-02T20:10:37+00:00\",\"dateModified\":\"2025-07-20T13:31:47+00:00\",\"breadcrumb\":{\"@id\":\"https:\/\/missioncelte.fr\/?page_id=29#breadcrumb\"},\"inLanguage\":\"fr-FR\",\"potentialAction\":[{\"@type\":\"ReadAction\",\"target\":[\"https:\/\/missioncelte.fr\/?page_id=29\"]}]},{\"@type\":\"ImageObject\",\"inLanguage\":\"fr-FR\",\"@id\":\"https:\/\/missioncelte.fr\/?page_id=29#primaryimage\",\"url\":\"https:\/\/missioncelte.fr\/wp-content\/uploads\/2025\/07\/ephata.jpg\",\"contentUrl\":\"https:\/\/missioncelte.fr\/wp-content\/uploads\/2025\/07\/ephata.jpg\",\"width\":800,\"height\":444},{\"@type\":\"BreadcrumbList\",\"@id\":\"https:\/\/missioncelte.fr\/?page_id=29#breadcrumb\",\"itemListElement\":[{\"@type\":\"ListItem\",\"position\":1,\"name\":\"Accueil\",\"item\":\"https:\/\/missioncelte.fr\/\"},{\"@type\":\"ListItem\",\"position\":2,\"name\":\"Calendrier des services\"}]},{\"@type\":\"WebSite\",\"@id\":\"https:\/\/missioncelte.fr\/#website\",\"url\":\"https:\/\/missioncelte.fr\/\",\"name\":\"missioncelte.fr\",\"description\":\"\",\"publisher\":{\"@id\":\"https:\/\/missioncelte.fr\/#organization\"},\"potentialAction\":[{\"@type\":\"SearchAction\",\"target\":{\"@type\":\"EntryPoint\",\"urlTemplate\":\"https:\/\/missioncelte.fr\/?s={search_term_string}\"},\"query-input\":{\"@type\":\"PropertyValueSpecification\",\"valueRequired\":true,\"valueName\":\"search_term_string\"}}],\"inLanguage\":\"fr-FR\"},{\"@type\":\"Organization\",\"@id\":\"https:\/\/missioncelte.fr\/#organization\",\"name\":\"missioncelte.fr\",\"url\":\"https:\/\/missioncelte.fr\/\",\"logo\":{\"@type\":\"ImageObject\",\"inLanguage\":\"fr-FR\",\"@id\":\"https:\/\/missioncelte.fr\/#\/schema\/logo\/image\/\",\"url\":\"https:\/\/missioncelte.fr\/wp-content\/uploads\/2023\/08\/poisson.png\",\"contentUrl\":\"https:\/\/missioncelte.fr\/wp-content\/uploads\/2023\/08\/poisson.png\",\"width\":1600,\"height\":632,\"caption\":\"missioncelte.fr\"},\"image\":{\"@id\":\"https:\/\/missioncelte.fr\/#\/schema\/logo\/image\/\"},\"sameAs\":[\"https:\/\/www.facebook.com\/frere.barthelemy.9\",\"https:\/\/www.facebook.com\/profile.php?id=100085429027200\"]}]}<\/script>\n<!-- \/ Yoast SEO plugin. -->","yoast_head_json":{"title":"Calendrier des services - missioncelte.fr","robots":{"index":"index","follow":"follow","max-snippet":"max-snippet:-1","max-image-preview":"max-image-preview:large","max-video-preview":"max-video-preview:-1"},"canonical":"https:\/\/missioncelte.fr\/?page_id=29","og_locale":"fr_FR","og_type":"article","og_title":"Calendrier des services - missioncelte.fr","og_description":"Messe Dimanche 3 aout 8\u00e8me dimanche apr\u00e8s la Pentec\u00f4te L&rsquo;\u00e9conome infid\u00e8le Saint EUPHRONE Dimanche 10 aout 9 \u00e8me dimanche apr\u00e8s la Pentec\u00f4te La ruine de J\u00e9rusalem Saint Laurent Dimanche 17 aout 10 \u00e8me dimanche apr\u00e8s la Pentec\u00f4te Le Pharisien et le Publicain Saint MAMS Dimanche 24 aout 11 \u00e8me dimanche apr\u00e8s la Pentec\u00f4te EPHATA Saint [&hellip;]","og_url":"https:\/\/missioncelte.fr\/?page_id=29","og_site_name":"missioncelte.fr","article_publisher":"https:\/\/www.facebook.com\/frere.barthelemy.9","article_modified_time":"2025-07-20T13:31:47+00:00","og_image":[{"width":800,"height":444,"url":"https:\/\/missioncelte.fr\/wp-content\/uploads\/2025\/07\/ephata.jpg","type":"image\/jpeg"}],"twitter_card":"summary_large_image","twitter_misc":{"Dur\u00e9e de lecture estim\u00e9e":"1 minute"},"schema":{"@context":"https:\/\/schema.org","@graph":[{"@type":"WebPage","@id":"https:\/\/missioncelte.fr\/?page_id=29","url":"https:\/\/missioncelte.fr\/?page_id=29","name":"Calendrier des services - missioncelte.fr","isPartOf":{"@id":"https:\/\/missioncelte.fr\/#website"},"primaryImageOfPage":{"@id":"https:\/\/missioncelte.fr\/?page_id=29#primaryimage"},"image":{"@id":"https:\/\/missioncelte.fr\/?page_id=29#primaryimage"},"thumbnailUrl":"https:\/\/missioncelte.fr\/wp-content\/uploads\/2025\/07\/ephata.jpg","datePublished":"2023-08-02T20:10:37+00:00","dateModified":"2025-07-20T13:31:47+00:00","breadcrumb":{"@id":"https:\/\/missioncelte.fr\/?page_id=29#breadcrumb"},"inLanguage":"fr-FR","potentialAction":[{"@type":"ReadAction","target":["https:\/\/missioncelte.fr\/?page_id=29"]}]},{"@type":"ImageObject","inLanguage":"fr-FR","@id":"https:\/\/missioncelte.fr\/?page_id=29#primaryimage","url":"https:\/\/missioncelte.fr\/wp-content\/uploads\/2025\/07\/ephata.jpg","contentUrl":"https:\/\/missioncelte.fr\/wp-content\/uploads\/2025\/07\/ephata.jpg","width":800,"height":444},{"@type":"BreadcrumbList","@id":"https:\/\/missioncelte.fr\/?page_id=29#breadcrumb","itemListElement":[{"@type":"ListItem","position":1,"name":"Accueil","item":"https:\/\/missioncelte.fr\/"},{"@type":"ListItem","position":2,"name":"Calendrier des services"}]},{"@type":"WebSite","@id":"https:\/\/missioncelte.fr\/#website","url":"https:\/\/missioncelte.fr\/","name":"missioncelte.fr","description":"","publisher":{"@id":"https:\/\/missioncelte.fr\/#organization"},"potentialAction":[{"@type":"SearchAction","target":{"@type":"EntryPoint","urlTemplate":"https:\/\/missioncelte.fr\/?s={search_term_string}"},"query-input":{"@type":"PropertyValueSpecification","valueRequired":true,"valueName":"search_term_string"}}],"inLanguage":"fr-FR"},{"@type":"Organization","@id":"https:\/\/missioncelte.fr\/#organization","name":"missioncelte.fr","url":"https:\/\/missioncelte.fr\/","logo":{"@type":"ImageObject","inLanguage":"fr-FR","@id":"https:\/\/missioncelte.fr\/#\/schema\/logo\/image\/","url":"https:\/\/missioncelte.fr\/wp-content\/uploads\/2023\/08\/poisson.png","contentUrl":"https:\/\/missioncelte.fr\/wp-content\/uploads\/2023\/08\/poisson.png","width":1600,"height":632,"caption":"missioncelte.fr"},"image":{"@id":"https:\/\/missioncelte.fr\/#\/schema\/logo\/image\/"},"sameAs":["https:\/\/www.facebook.com\/frere.barthelemy.9","https:\/\/www.facebook.com\/profile.php?id=100085429027200"]}]}},"_links":{"self":[{"href":"https:\/\/missioncelte.fr\/index.php?rest_route=\/wp\/v2\/pages\/29","targetHints":{"allow":["GET"]}}],"collection":[{"href":"https:\/\/missioncelte.fr\/index.php?rest_route=\/wp\/v2\/pages"}],"about":[{"href":"https:\/\/missioncelte.fr\/index.php?rest_route=\/wp\/v2\/types\/page"}],"author":[{"embeddable":true,"href":"https:\/\/missioncelte.fr\/index.php?rest_route=\/wp\/v2\/users\/1"}],"replies":[{"embeddable":true,"href":"https:\/\/missioncelte.fr\/index.php?rest_route=%2Fwp%2Fv2%2Fcomments&post=29"}],"version-history":[{"count":24,"href":"https:\/\/missioncelte.fr\/index.php?rest_route=\/wp\/v2\/pages\/29\/revisions"}],"predecessor-version":[{"id":590,"href":"https:\/\/missioncelte.fr\/index.php?rest_route=\/wp\/v2\/pages\/29\/revisions\/590"}],"wp:attachment":[{"href":"https:\/\/missioncelte.fr\/index.php?rest_route=%2Fwp%2Fv2%2Fmedia&parent=29"}],"curies":[{"name":"wp","href":"https:\/\/api.w.org\/{rel}","templated":true}]}}