{"id":25,"date":"2023-08-02T22:09:08","date_gmt":"2023-08-02T20:09:08","guid":{"rendered":"https:\/\/missioncelte.fr\/?page_id=25"},"modified":"2023-08-04T07:55:14","modified_gmt":"2023-08-04T05:55:14","slug":"notre-seminaire","status":"publish","type":"page","link":"https:\/\/missioncelte.fr\/?page_id=25","title":{"rendered":"Notre S\u00e9minaire"},"content":{"rendered":"\n<div style=\"height:100px\" aria-hidden=\"true\" class=\"wp-block-spacer\"><\/div>\n\n\n\n<h3 class=\"wp-block-heading\">Le S\u00e9minaire Saint-Augustin :<\/h3>\n\n\n\n<figure class=\"wp-block-image alignright size-full\"><img loading=\"lazy\" decoding=\"async\" width=\"626\" height=\"351\" src=\"http:\/\/missioncelte.fr\/wp-content\/uploads\/2023\/08\/troupeau.jpg\" alt=\"\" class=\"wp-image-130\" srcset=\"https:\/\/missioncelte.fr\/wp-content\/uploads\/2023\/08\/troupeau.jpg 626w, https:\/\/missioncelte.fr\/wp-content\/uploads\/2023\/08\/troupeau-300x168.jpg 300w\" sizes=\"auto, (max-width: 626px) 100vw, 626px\" \/><\/figure>\n\n\n\n<p>.<\/p>\n\n\n\n<h6 class=\"wp-block-heading\">Notre s\u00e9minaire, d\u00e9pendant de la FEOI, est ouvert \u00e0 toute personne sinc\u00e8re, d\u00e9sireuse d\u2019acc\u00e9der aux ordres mineurs, majeurs puis \u00e0 la pr\u00eatrise.<\/h6>\n\n\n\n<p>Cette formation s\u2019\u00e9tale sur plusieurs ann\u00e9es, o\u00f9 le candidat doit faire preuve de constance et de s\u00e9rieux.<\/p>\n\n\n\n<p>Il est n\u00e9cessaire qu\u2019une premi\u00e8re rencontre en pr\u00e9sentiel se fasse avec un des cadres du s\u00e9minaire pour \u00e9valuer la motivation du candidat et d\u00e9cider ou non, \u00e0 la vue de son dossier de la suite de sa demande.<\/p>\n\n\n\n<p>Pour nous joindre, voici le mail du s\u00e9minaire : <strong><u><a rel=\"noreferrer noopener\" href=\"mailto:seminaire.feoi@gmail.com\" target=\"_blank\">seminaire.feoi@gmail.com<\/a><\/u><\/strong><\/p>\n\n\n\n<p><\/p>\n\n\n\n<p><\/p>\n","protected":false},"excerpt":{"rendered":"<p>Le S\u00e9minaire Saint-Augustin : . Notre s\u00e9minaire, d\u00e9pendant de la FEOI, est ouvert \u00e0 toute personne sinc\u00e8re, d\u00e9sireuse d\u2019acc\u00e9der aux ordres mineurs, majeurs puis \u00e0 la pr\u00eatrise. Cette formation s\u2019\u00e9tale sur plusieurs ann\u00e9es, o\u00f9 le candidat doit faire preuve de constance et de s\u00e9rieux. Il est n\u00e9cessaire qu\u2019une premi\u00e8re rencontre en pr\u00e9sentiel se fasse avec [&hellip;]<\/p>\n","protected":false},"author":1,"featured_media":0,"parent":0,"menu_order":4,"comment_status":"closed","ping_status":"closed","template":"","meta":{"om_disable_all_campaigns":false,"_monsterinsights_skip_tracking":false,"_monsterinsights_sitenote_active":false,"_monsterinsights_sitenote_note":"","_monsterinsights_sitenote_category":0,"_uf_show_specific_survey":0,"_uf_disable_surveys":false,"iawp_total_views":173,"footnotes":""},"class_list":["post-25","page","type-page","status-publish","hentry"],"blocksy_meta":[],"aioseo_notices":[],"yoast_head":"<!-- This site is optimized with the Yoast SEO plugin v26.8 - https:\/\/yoast.com\/product\/yoast-seo-wordpress\/ -->\n<title>Notre S\u00e9minaire - missioncelte.fr<\/title>\n<meta name=\"robots\" content=\"index, follow, max-snippet:-1, max-image-preview:large, max-video-preview:-1\" \/>\n<link rel=\"canonical\" href=\"https:\/\/missioncelte.fr\/?page_id=25\" \/>\n<meta property=\"og:locale\" content=\"fr_FR\" \/>\n<meta property=\"og:type\" content=\"article\" \/>\n<meta property=\"og:title\" content=\"Notre S\u00e9minaire - missioncelte.fr\" \/>\n<meta property=\"og:description\" content=\"Le S\u00e9minaire Saint-Augustin : . Notre s\u00e9minaire, d\u00e9pendant de la FEOI, est ouvert \u00e0 toute personne sinc\u00e8re, d\u00e9sireuse d\u2019acc\u00e9der aux ordres mineurs, majeurs puis \u00e0 la pr\u00eatrise. Cette formation s\u2019\u00e9tale sur plusieurs ann\u00e9es, o\u00f9 le candidat doit faire preuve de constance et de s\u00e9rieux. Il est n\u00e9cessaire qu\u2019une premi\u00e8re rencontre en pr\u00e9sentiel se fasse avec [&hellip;]\" \/>\n<meta property=\"og:url\" content=\"https:\/\/missioncelte.fr\/?page_id=25\" \/>\n<meta property=\"og:site_name\" content=\"missioncelte.fr\" \/>\n<meta property=\"article:publisher\" content=\"https:\/\/www.facebook.com\/frere.barthelemy.9\" \/>\n<meta property=\"article:modified_time\" content=\"2023-08-04T05:55:14+00:00\" \/>\n<meta property=\"og:image\" content=\"http:\/\/missioncelte.fr\/wp-content\/uploads\/2023\/08\/troupeau.jpg\" \/>\n<meta name=\"twitter:card\" content=\"summary_large_image\" \/>\n<meta name=\"twitter:label1\" content=\"Dur\u00e9e de lecture estim\u00e9e\" \/>\n\t<meta name=\"twitter:data1\" content=\"1 minute\" \/>\n<script type=\"application\/ld+json\" class=\"yoast-schema-graph\">{\"@context\":\"https:\/\/schema.org\",\"@graph\":[{\"@type\":\"WebPage\",\"@id\":\"https:\/\/missioncelte.fr\/?page_id=25\",\"url\":\"https:\/\/missioncelte.fr\/?page_id=25\",\"name\":\"Notre S\u00e9minaire - missioncelte.fr\",\"isPartOf\":{\"@id\":\"https:\/\/missioncelte.fr\/#website\"},\"primaryImageOfPage\":{\"@id\":\"https:\/\/missioncelte.fr\/?page_id=25#primaryimage\"},\"image\":{\"@id\":\"https:\/\/missioncelte.fr\/?page_id=25#primaryimage\"},\"thumbnailUrl\":\"http:\/\/missioncelte.fr\/wp-content\/uploads\/2023\/08\/troupeau.jpg\",\"datePublished\":\"2023-08-02T20:09:08+00:00\",\"dateModified\":\"2023-08-04T05:55:14+00:00\",\"breadcrumb\":{\"@id\":\"https:\/\/missioncelte.fr\/?page_id=25#breadcrumb\"},\"inLanguage\":\"fr-FR\",\"potentialAction\":[{\"@type\":\"ReadAction\",\"target\":[\"https:\/\/missioncelte.fr\/?page_id=25\"]}]},{\"@type\":\"ImageObject\",\"inLanguage\":\"fr-FR\",\"@id\":\"https:\/\/missioncelte.fr\/?page_id=25#primaryimage\",\"url\":\"http:\/\/missioncelte.fr\/wp-content\/uploads\/2023\/08\/troupeau.jpg\",\"contentUrl\":\"http:\/\/missioncelte.fr\/wp-content\/uploads\/2023\/08\/troupeau.jpg\"},{\"@type\":\"BreadcrumbList\",\"@id\":\"https:\/\/missioncelte.fr\/?page_id=25#breadcrumb\",\"itemListElement\":[{\"@type\":\"ListItem\",\"position\":1,\"name\":\"Accueil\",\"item\":\"https:\/\/missioncelte.fr\/\"},{\"@type\":\"ListItem\",\"position\":2,\"name\":\"Notre S\u00e9minaire\"}]},{\"@type\":\"WebSite\",\"@id\":\"https:\/\/missioncelte.fr\/#website\",\"url\":\"https:\/\/missioncelte.fr\/\",\"name\":\"missioncelte.fr\",\"description\":\"\",\"publisher\":{\"@id\":\"https:\/\/missioncelte.fr\/#organization\"},\"potentialAction\":[{\"@type\":\"SearchAction\",\"target\":{\"@type\":\"EntryPoint\",\"urlTemplate\":\"https:\/\/missioncelte.fr\/?s={search_term_string}\"},\"query-input\":{\"@type\":\"PropertyValueSpecification\",\"valueRequired\":true,\"valueName\":\"search_term_string\"}}],\"inLanguage\":\"fr-FR\"},{\"@type\":\"Organization\",\"@id\":\"https:\/\/missioncelte.fr\/#organization\",\"name\":\"missioncelte.fr\",\"url\":\"https:\/\/missioncelte.fr\/\",\"logo\":{\"@type\":\"ImageObject\",\"inLanguage\":\"fr-FR\",\"@id\":\"https:\/\/missioncelte.fr\/#\/schema\/logo\/image\/\",\"url\":\"https:\/\/missioncelte.fr\/wp-content\/uploads\/2023\/08\/poisson.png\",\"contentUrl\":\"https:\/\/missioncelte.fr\/wp-content\/uploads\/2023\/08\/poisson.png\",\"width\":1600,\"height\":632,\"caption\":\"missioncelte.fr\"},\"image\":{\"@id\":\"https:\/\/missioncelte.fr\/#\/schema\/logo\/image\/\"},\"sameAs\":[\"https:\/\/www.facebook.com\/frere.barthelemy.9\",\"https:\/\/www.facebook.com\/profile.php?id=100085429027200\"]}]}<\/script>\n<!-- \/ Yoast SEO plugin. -->","yoast_head_json":{"title":"Notre S\u00e9minaire - missioncelte.fr","robots":{"index":"index","follow":"follow","max-snippet":"max-snippet:-1","max-image-preview":"max-image-preview:large","max-video-preview":"max-video-preview:-1"},"canonical":"https:\/\/missioncelte.fr\/?page_id=25","og_locale":"fr_FR","og_type":"article","og_title":"Notre S\u00e9minaire - missioncelte.fr","og_description":"Le S\u00e9minaire Saint-Augustin : . Notre s\u00e9minaire, d\u00e9pendant de la FEOI, est ouvert \u00e0 toute personne sinc\u00e8re, d\u00e9sireuse d\u2019acc\u00e9der aux ordres mineurs, majeurs puis \u00e0 la pr\u00eatrise. Cette formation s\u2019\u00e9tale sur plusieurs ann\u00e9es, o\u00f9 le candidat doit faire preuve de constance et de s\u00e9rieux. Il est n\u00e9cessaire qu\u2019une premi\u00e8re rencontre en pr\u00e9sentiel se fasse avec [&hellip;]","og_url":"https:\/\/missioncelte.fr\/?page_id=25","og_site_name":"missioncelte.fr","article_publisher":"https:\/\/www.facebook.com\/frere.barthelemy.9","article_modified_time":"2023-08-04T05:55:14+00:00","og_image":[{"url":"http:\/\/missioncelte.fr\/wp-content\/uploads\/2023\/08\/troupeau.jpg","type":"","width":"","height":""}],"twitter_card":"summary_large_image","twitter_misc":{"Dur\u00e9e de lecture estim\u00e9e":"1 minute"},"schema":{"@context":"https:\/\/schema.org","@graph":[{"@type":"WebPage","@id":"https:\/\/missioncelte.fr\/?page_id=25","url":"https:\/\/missioncelte.fr\/?page_id=25","name":"Notre S\u00e9minaire - missioncelte.fr","isPartOf":{"@id":"https:\/\/missioncelte.fr\/#website"},"primaryImageOfPage":{"@id":"https:\/\/missioncelte.fr\/?page_id=25#primaryimage"},"image":{"@id":"https:\/\/missioncelte.fr\/?page_id=25#primaryimage"},"thumbnailUrl":"http:\/\/missioncelte.fr\/wp-content\/uploads\/2023\/08\/troupeau.jpg","datePublished":"2023-08-02T20:09:08+00:00","dateModified":"2023-08-04T05:55:14+00:00","breadcrumb":{"@id":"https:\/\/missioncelte.fr\/?page_id=25#breadcrumb"},"inLanguage":"fr-FR","potentialAction":[{"@type":"ReadAction","target":["https:\/\/missioncelte.fr\/?page_id=25"]}]},{"@type":"ImageObject","inLanguage":"fr-FR","@id":"https:\/\/missioncelte.fr\/?page_id=25#primaryimage","url":"http:\/\/missioncelte.fr\/wp-content\/uploads\/2023\/08\/troupeau.jpg","contentUrl":"http:\/\/missioncelte.fr\/wp-content\/uploads\/2023\/08\/troupeau.jpg"},{"@type":"BreadcrumbList","@id":"https:\/\/missioncelte.fr\/?page_id=25#breadcrumb","itemListElement":[{"@type":"ListItem","position":1,"name":"Accueil","item":"https:\/\/missioncelte.fr\/"},{"@type":"ListItem","position":2,"name":"Notre S\u00e9minaire"}]},{"@type":"WebSite","@id":"https:\/\/missioncelte.fr\/#website","url":"https:\/\/missioncelte.fr\/","name":"missioncelte.fr","description":"","publisher":{"@id":"https:\/\/missioncelte.fr\/#organization"},"potentialAction":[{"@type":"SearchAction","target":{"@type":"EntryPoint","urlTemplate":"https:\/\/missioncelte.fr\/?s={search_term_string}"},"query-input":{"@type":"PropertyValueSpecification","valueRequired":true,"valueName":"search_term_string"}}],"inLanguage":"fr-FR"},{"@type":"Organization","@id":"https:\/\/missioncelte.fr\/#organization","name":"missioncelte.fr","url":"https:\/\/missioncelte.fr\/","logo":{"@type":"ImageObject","inLanguage":"fr-FR","@id":"https:\/\/missioncelte.fr\/#\/schema\/logo\/image\/","url":"https:\/\/missioncelte.fr\/wp-content\/uploads\/2023\/08\/poisson.png","contentUrl":"https:\/\/missioncelte.fr\/wp-content\/uploads\/2023\/08\/poisson.png","width":1600,"height":632,"caption":"missioncelte.fr"},"image":{"@id":"https:\/\/missioncelte.fr\/#\/schema\/logo\/image\/"},"sameAs":["https:\/\/www.facebook.com\/frere.barthelemy.9","https:\/\/www.facebook.com\/profile.php?id=100085429027200"]}]}},"_links":{"self":[{"href":"https:\/\/missioncelte.fr\/index.php?rest_route=\/wp\/v2\/pages\/25","targetHints":{"allow":["GET"]}}],"collection":[{"href":"https:\/\/missioncelte.fr\/index.php?rest_route=\/wp\/v2\/pages"}],"about":[{"href":"https:\/\/missioncelte.fr\/index.php?rest_route=\/wp\/v2\/types\/page"}],"author":[{"embeddable":true,"href":"https:\/\/missioncelte.fr\/index.php?rest_route=\/wp\/v2\/users\/1"}],"replies":[{"embeddable":true,"href":"https:\/\/missioncelte.fr\/index.php?rest_route=%2Fwp%2Fv2%2Fcomments&post=25"}],"version-history":[{"count":6,"href":"https:\/\/missioncelte.fr\/index.php?rest_route=\/wp\/v2\/pages\/25\/revisions"}],"predecessor-version":[{"id":275,"href":"https:\/\/missioncelte.fr\/index.php?rest_route=\/wp\/v2\/pages\/25\/revisions\/275"}],"wp:attachment":[{"href":"https:\/\/missioncelte.fr\/index.php?rest_route=%2Fwp%2Fv2%2Fmedia&parent=25"}],"curies":[{"name":"wp","href":"https:\/\/api.w.org\/{rel}","templated":true}]}}