{"id":23,"date":"2023-08-02T22:06:57","date_gmt":"2023-08-02T20:06:57","guid":{"rendered":"https:\/\/missioncelte.fr\/?page_id=23"},"modified":"2023-08-04T07:16:18","modified_gmt":"2023-08-04T05:16:18","slug":"la-feoi","status":"publish","type":"page","link":"https:\/\/missioncelte.fr\/?page_id=23","title":{"rendered":"La FEOI"},"content":{"rendered":"\n<figure class=\"wp-block-image aligncenter size-full\"><img loading=\"lazy\" decoding=\"async\" width=\"235\" height=\"252\" src=\"http:\/\/missioncelte.fr\/wp-content\/uploads\/2023\/08\/Federation.jpg\" alt=\"\" class=\"wp-image-93\"\/><\/figure>\n\n\n\n<h5 class=\"wp-block-heading\">La Fraternit\u00e9 Episcopale \u0152cum\u00e9nique Internationale (FEOI) est une soci\u00e9t\u00e9 cl\u00e9ricale de vie apostolique. Comme communaut\u00e9 de pr\u00eatres au service de l\u2019Eglise universelle de Notre-Seigneur J\u00e9sus-Christ, elle travaille \u00e0 une double mission : la formation et la sanctification des pr\u00eatres, et leur action pastorale sur le terrain. Elle accorde une attention toute particuli\u00e8re \u00e0 l\u2019unit\u00e9 de l\u2019Eglise universelle de NSJC.<\/h5>\n\n\n\n<p>La FEOI accueille au sein du S\u00e9minaire Saint-Augustin les candidats au sacerdoce. La formation, compl\u00e8te, comprend des cours de philosophie, th\u00e9ologie, histoire de l\u2019Eglise et dure plusieurs ann\u00e9es.<\/p>\n\n\n\n<p>La devise de la FEOI est : \u00ab <strong>Il y a plusieurs demeures dans la maison de mon P\u00e8re <\/strong>\u00bb (Jn, XIV, 2).<\/p>\n\n\n\n<p><em>1 \u2013 La Fraternit\u00e9 \u00c9piscopale \u0152cum\u00e9nique Internationale est un lieu de paix et d\u2019asile, qui accueille autant des \u00e9glises apostoliques de toutes lign\u00e9es \u00e0 travers le monde, pourvu qu\u2019elles soient en mesure de prouver leur validit\u00e9 \u00e9piscopale et\/ou sacerdotale, que des eccl\u00e9siastiques \u00e0 titre individuel : diacres, pr\u00eatres et \u00e9v\u00eaques.<\/em><\/p>\n\n\n\n<p><em>2 \u2013 Elle a pour seul commandement de transmettre le message du Christ \u00e0 travers les \u00e9critures et de les appliquer sans violence ni pros\u00e9lytisme pour le bien commun. Ce message se r\u00e9sume au verbe \u00e0 conjuguer qui est : aimer.<\/em><\/p>\n\n\n\n<p><em>3 \u2013 Elle a pour but avou\u00e9 et primordial de r\u00e9unir les demeures de Notre Seigneur dans sa Maison commune, au-del\u00e0 des diff\u00e9rences cultuelles, de par le monde et dans le respect de tous. Elle a pour but principal de mettre en relation les \u00e9glises de diff\u00e9rents horizons g\u00e9ographiques, de diff\u00e9rents rites \u00e0 travers le monde et de les accueillir en Fraternit\u00e9 par le partage.<\/em><\/p>\n\n\n\n<p><em>4 \u2013 Elle partage l\u2019Eucharistie avec tous dans le rite de celui qui accueille et n\u2019observe aucune hi\u00e9rarchie eccl\u00e9siale dans son service au profit de tous. En ce sens, elle forme un cercle autour de l\u2019autel pour prier et communier ensemble.<\/em><\/p>\n\n\n\n<p><em>8 \u2013 Elle ne mesure pas l\u2019\u00eatre humain d\u2019un point de vue physiologique, de race ou de sexe, mais accueille l\u2019\u00e2me qui vit en chacun de nous, cherchant \u00e0 s\u2019\u00e9lever pour atteindre le chemin de notre r\u00e9demption.<\/em><\/p>\n\n\n\n<p><em>9 \u2013 Elle consid\u00e8re la Terre comme un \u00eatre vivant. Elle prot\u00e9gera la vie sous toutes ses formes.<\/em><\/p>\n\n\n\n<p><em>10 \u2013 Elle aura pour but de faire une juste moyenne entre les diff\u00e9rentes \u00e9glises tout en respectant les d\u00e9cisions des 7 premiers conciles \u0153cum\u00e9niques, tant dans ses pratiques rituelles que par son action dans le monde.<\/em><\/p>\n\n\n\n<p>11\u2013 Elle fera \u00e9voluer, avec tous ses membres, la mission de l\u2019Eglise du Christ sur Terre afin que le message d\u2019amour soit perp\u00e9tu\u00e9 pour les si\u00e8cles \u00e0 venir. La lumi\u00e8re doit \u00eatre plac\u00e9e en haut de la montagne et non plac\u00e9e sous le boisseau.<\/p>\n\n\n\n<p>12 \u2013 Le Fr\u00e8re qui tient l\u2019asile est un simple p\u00e9cheur choisi parmi les eccl\u00e9siastiques membres de cette Maison pour en \u00eatre le Prieur G\u00e9n\u00e9ral.<\/p>\n\n\n\n<p>Il administrera le lieu et remettra son mandat le temps venu selon la volont\u00e9 de l\u2019EspritSaint et selon un processus inscrit dans ses constitutions. L\u2019humilit\u00e9, l\u2019amour, la pri\u00e8re et le partage seront ses piliers.<\/p>\n","protected":false},"excerpt":{"rendered":"<p>La Fraternit\u00e9 Episcopale \u0152cum\u00e9nique Internationale (FEOI) est une soci\u00e9t\u00e9 cl\u00e9ricale de vie apostolique. Comme communaut\u00e9 de pr\u00eatres au service de l\u2019Eglise universelle de Notre-Seigneur J\u00e9sus-Christ, elle travaille \u00e0 une double mission : la formation et la sanctification des pr\u00eatres, et leur action pastorale sur le terrain. Elle accorde une attention toute particuli\u00e8re \u00e0 l\u2019unit\u00e9 de [&hellip;]<\/p>\n","protected":false},"author":1,"featured_media":0,"parent":0,"menu_order":3,"comment_status":"closed","ping_status":"closed","template":"","meta":{"om_disable_all_campaigns":false,"_monsterinsights_skip_tracking":false,"_monsterinsights_sitenote_active":false,"_monsterinsights_sitenote_note":"","_monsterinsights_sitenote_category":0,"_uf_show_specific_survey":0,"_uf_disable_surveys":false,"iawp_total_views":160,"footnotes":""},"class_list":["post-23","page","type-page","status-publish","hentry"],"blocksy_meta":[],"aioseo_notices":[],"yoast_head":"<!-- This site is optimized with the Yoast SEO plugin v26.8 - https:\/\/yoast.com\/product\/yoast-seo-wordpress\/ -->\n<title>La FEOI - missioncelte.fr<\/title>\n<meta name=\"robots\" content=\"index, follow, max-snippet:-1, max-image-preview:large, max-video-preview:-1\" \/>\n<link rel=\"canonical\" href=\"https:\/\/missioncelte.fr\/?page_id=23\" \/>\n<meta property=\"og:locale\" content=\"fr_FR\" \/>\n<meta property=\"og:type\" content=\"article\" \/>\n<meta property=\"og:title\" content=\"La FEOI - missioncelte.fr\" \/>\n<meta property=\"og:description\" content=\"La Fraternit\u00e9 Episcopale \u0152cum\u00e9nique Internationale (FEOI) est une soci\u00e9t\u00e9 cl\u00e9ricale de vie apostolique. Comme communaut\u00e9 de pr\u00eatres au service de l\u2019Eglise universelle de Notre-Seigneur J\u00e9sus-Christ, elle travaille \u00e0 une double mission : la formation et la sanctification des pr\u00eatres, et leur action pastorale sur le terrain. Elle accorde une attention toute particuli\u00e8re \u00e0 l\u2019unit\u00e9 de [&hellip;]\" \/>\n<meta property=\"og:url\" content=\"https:\/\/missioncelte.fr\/?page_id=23\" \/>\n<meta property=\"og:site_name\" content=\"missioncelte.fr\" \/>\n<meta property=\"article:publisher\" content=\"https:\/\/www.facebook.com\/frere.barthelemy.9\" \/>\n<meta property=\"article:modified_time\" content=\"2023-08-04T05:16:18+00:00\" \/>\n<meta property=\"og:image\" content=\"http:\/\/missioncelte.fr\/wp-content\/uploads\/2023\/08\/Federation.jpg\" \/>\n<meta name=\"twitter:card\" content=\"summary_large_image\" \/>\n<meta name=\"twitter:label1\" content=\"Dur\u00e9e de lecture estim\u00e9e\" \/>\n\t<meta name=\"twitter:data1\" content=\"3 minutes\" \/>\n<script type=\"application\/ld+json\" class=\"yoast-schema-graph\">{\"@context\":\"https:\/\/schema.org\",\"@graph\":[{\"@type\":\"WebPage\",\"@id\":\"https:\/\/missioncelte.fr\/?page_id=23\",\"url\":\"https:\/\/missioncelte.fr\/?page_id=23\",\"name\":\"La FEOI - missioncelte.fr\",\"isPartOf\":{\"@id\":\"https:\/\/missioncelte.fr\/#website\"},\"primaryImageOfPage\":{\"@id\":\"https:\/\/missioncelte.fr\/?page_id=23#primaryimage\"},\"image\":{\"@id\":\"https:\/\/missioncelte.fr\/?page_id=23#primaryimage\"},\"thumbnailUrl\":\"http:\/\/missioncelte.fr\/wp-content\/uploads\/2023\/08\/Federation.jpg\",\"datePublished\":\"2023-08-02T20:06:57+00:00\",\"dateModified\":\"2023-08-04T05:16:18+00:00\",\"breadcrumb\":{\"@id\":\"https:\/\/missioncelte.fr\/?page_id=23#breadcrumb\"},\"inLanguage\":\"fr-FR\",\"potentialAction\":[{\"@type\":\"ReadAction\",\"target\":[\"https:\/\/missioncelte.fr\/?page_id=23\"]}]},{\"@type\":\"ImageObject\",\"inLanguage\":\"fr-FR\",\"@id\":\"https:\/\/missioncelte.fr\/?page_id=23#primaryimage\",\"url\":\"http:\/\/missioncelte.fr\/wp-content\/uploads\/2023\/08\/Federation.jpg\",\"contentUrl\":\"http:\/\/missioncelte.fr\/wp-content\/uploads\/2023\/08\/Federation.jpg\"},{\"@type\":\"BreadcrumbList\",\"@id\":\"https:\/\/missioncelte.fr\/?page_id=23#breadcrumb\",\"itemListElement\":[{\"@type\":\"ListItem\",\"position\":1,\"name\":\"Accueil\",\"item\":\"https:\/\/missioncelte.fr\/\"},{\"@type\":\"ListItem\",\"position\":2,\"name\":\"La FEOI\"}]},{\"@type\":\"WebSite\",\"@id\":\"https:\/\/missioncelte.fr\/#website\",\"url\":\"https:\/\/missioncelte.fr\/\",\"name\":\"missioncelte.fr\",\"description\":\"\",\"publisher\":{\"@id\":\"https:\/\/missioncelte.fr\/#organization\"},\"potentialAction\":[{\"@type\":\"SearchAction\",\"target\":{\"@type\":\"EntryPoint\",\"urlTemplate\":\"https:\/\/missioncelte.fr\/?s={search_term_string}\"},\"query-input\":{\"@type\":\"PropertyValueSpecification\",\"valueRequired\":true,\"valueName\":\"search_term_string\"}}],\"inLanguage\":\"fr-FR\"},{\"@type\":\"Organization\",\"@id\":\"https:\/\/missioncelte.fr\/#organization\",\"name\":\"missioncelte.fr\",\"url\":\"https:\/\/missioncelte.fr\/\",\"logo\":{\"@type\":\"ImageObject\",\"inLanguage\":\"fr-FR\",\"@id\":\"https:\/\/missioncelte.fr\/#\/schema\/logo\/image\/\",\"url\":\"https:\/\/missioncelte.fr\/wp-content\/uploads\/2023\/08\/poisson.png\",\"contentUrl\":\"https:\/\/missioncelte.fr\/wp-content\/uploads\/2023\/08\/poisson.png\",\"width\":1600,\"height\":632,\"caption\":\"missioncelte.fr\"},\"image\":{\"@id\":\"https:\/\/missioncelte.fr\/#\/schema\/logo\/image\/\"},\"sameAs\":[\"https:\/\/www.facebook.com\/frere.barthelemy.9\",\"https:\/\/www.facebook.com\/profile.php?id=100085429027200\"]}]}<\/script>\n<!-- \/ Yoast SEO plugin. -->","yoast_head_json":{"title":"La FEOI - missioncelte.fr","robots":{"index":"index","follow":"follow","max-snippet":"max-snippet:-1","max-image-preview":"max-image-preview:large","max-video-preview":"max-video-preview:-1"},"canonical":"https:\/\/missioncelte.fr\/?page_id=23","og_locale":"fr_FR","og_type":"article","og_title":"La FEOI - missioncelte.fr","og_description":"La Fraternit\u00e9 Episcopale \u0152cum\u00e9nique Internationale (FEOI) est une soci\u00e9t\u00e9 cl\u00e9ricale de vie apostolique. Comme communaut\u00e9 de pr\u00eatres au service de l\u2019Eglise universelle de Notre-Seigneur J\u00e9sus-Christ, elle travaille \u00e0 une double mission : la formation et la sanctification des pr\u00eatres, et leur action pastorale sur le terrain. Elle accorde une attention toute particuli\u00e8re \u00e0 l\u2019unit\u00e9 de [&hellip;]","og_url":"https:\/\/missioncelte.fr\/?page_id=23","og_site_name":"missioncelte.fr","article_publisher":"https:\/\/www.facebook.com\/frere.barthelemy.9","article_modified_time":"2023-08-04T05:16:18+00:00","og_image":[{"url":"http:\/\/missioncelte.fr\/wp-content\/uploads\/2023\/08\/Federation.jpg","type":"","width":"","height":""}],"twitter_card":"summary_large_image","twitter_misc":{"Dur\u00e9e de lecture estim\u00e9e":"3 minutes"},"schema":{"@context":"https:\/\/schema.org","@graph":[{"@type":"WebPage","@id":"https:\/\/missioncelte.fr\/?page_id=23","url":"https:\/\/missioncelte.fr\/?page_id=23","name":"La FEOI - missioncelte.fr","isPartOf":{"@id":"https:\/\/missioncelte.fr\/#website"},"primaryImageOfPage":{"@id":"https:\/\/missioncelte.fr\/?page_id=23#primaryimage"},"image":{"@id":"https:\/\/missioncelte.fr\/?page_id=23#primaryimage"},"thumbnailUrl":"http:\/\/missioncelte.fr\/wp-content\/uploads\/2023\/08\/Federation.jpg","datePublished":"2023-08-02T20:06:57+00:00","dateModified":"2023-08-04T05:16:18+00:00","breadcrumb":{"@id":"https:\/\/missioncelte.fr\/?page_id=23#breadcrumb"},"inLanguage":"fr-FR","potentialAction":[{"@type":"ReadAction","target":["https:\/\/missioncelte.fr\/?page_id=23"]}]},{"@type":"ImageObject","inLanguage":"fr-FR","@id":"https:\/\/missioncelte.fr\/?page_id=23#primaryimage","url":"http:\/\/missioncelte.fr\/wp-content\/uploads\/2023\/08\/Federation.jpg","contentUrl":"http:\/\/missioncelte.fr\/wp-content\/uploads\/2023\/08\/Federation.jpg"},{"@type":"BreadcrumbList","@id":"https:\/\/missioncelte.fr\/?page_id=23#breadcrumb","itemListElement":[{"@type":"ListItem","position":1,"name":"Accueil","item":"https:\/\/missioncelte.fr\/"},{"@type":"ListItem","position":2,"name":"La FEOI"}]},{"@type":"WebSite","@id":"https:\/\/missioncelte.fr\/#website","url":"https:\/\/missioncelte.fr\/","name":"missioncelte.fr","description":"","publisher":{"@id":"https:\/\/missioncelte.fr\/#organization"},"potentialAction":[{"@type":"SearchAction","target":{"@type":"EntryPoint","urlTemplate":"https:\/\/missioncelte.fr\/?s={search_term_string}"},"query-input":{"@type":"PropertyValueSpecification","valueRequired":true,"valueName":"search_term_string"}}],"inLanguage":"fr-FR"},{"@type":"Organization","@id":"https:\/\/missioncelte.fr\/#organization","name":"missioncelte.fr","url":"https:\/\/missioncelte.fr\/","logo":{"@type":"ImageObject","inLanguage":"fr-FR","@id":"https:\/\/missioncelte.fr\/#\/schema\/logo\/image\/","url":"https:\/\/missioncelte.fr\/wp-content\/uploads\/2023\/08\/poisson.png","contentUrl":"https:\/\/missioncelte.fr\/wp-content\/uploads\/2023\/08\/poisson.png","width":1600,"height":632,"caption":"missioncelte.fr"},"image":{"@id":"https:\/\/missioncelte.fr\/#\/schema\/logo\/image\/"},"sameAs":["https:\/\/www.facebook.com\/frere.barthelemy.9","https:\/\/www.facebook.com\/profile.php?id=100085429027200"]}]}},"_links":{"self":[{"href":"https:\/\/missioncelte.fr\/index.php?rest_route=\/wp\/v2\/pages\/23","targetHints":{"allow":["GET"]}}],"collection":[{"href":"https:\/\/missioncelte.fr\/index.php?rest_route=\/wp\/v2\/pages"}],"about":[{"href":"https:\/\/missioncelte.fr\/index.php?rest_route=\/wp\/v2\/types\/page"}],"author":[{"embeddable":true,"href":"https:\/\/missioncelte.fr\/index.php?rest_route=\/wp\/v2\/users\/1"}],"replies":[{"embeddable":true,"href":"https:\/\/missioncelte.fr\/index.php?rest_route=%2Fwp%2Fv2%2Fcomments&post=23"}],"version-history":[{"count":2,"href":"https:\/\/missioncelte.fr\/index.php?rest_route=\/wp\/v2\/pages\/23\/revisions"}],"predecessor-version":[{"id":234,"href":"https:\/\/missioncelte.fr\/index.php?rest_route=\/wp\/v2\/pages\/23\/revisions\/234"}],"wp:attachment":[{"href":"https:\/\/missioncelte.fr\/index.php?rest_route=%2Fwp%2Fv2%2Fmedia&parent=23"}],"curies":[{"name":"wp","href":"https:\/\/api.w.org\/{rel}","templated":true}]}}