{"id":20,"date":"2023-08-02T22:03:58","date_gmt":"2023-08-02T20:03:58","guid":{"rendered":"https:\/\/missioncelte.fr\/?page_id=20"},"modified":"2023-08-10T17:17:09","modified_gmt":"2023-08-10T15:17:09","slug":"le-gallicanisme","status":"publish","type":"page","link":"https:\/\/missioncelte.fr\/?page_id=20","title":{"rendered":"Le Gallicanisme"},"content":{"rendered":"\n<h2 class=\"wp-block-heading\">Qu\u2019est-ce que le gallicanisme ?<\/h2>\n\n\n\n<p>Le gallicanisme \u00e9tait un mouvement th\u00e9ologique et politique qui s&rsquo;est d\u00e9velopp\u00e9 en France aux XVIIe et XVIIIe si\u00e8cles. Il visait \u00e0 d\u00e9fendre l&rsquo;ind\u00e9pendance de l&rsquo;\u00c9glise catholique de France vis-\u00e0-vis de l&rsquo;autorit\u00e9 papale et \u00e0 limiter l&rsquo;influence du pape sur les affaires religieuses et politiques du royaume.<\/p>\n\n\n\n<p>Les principales caract\u00e9ristiques du gallicanisme \u00e9taient les suivantes :<\/p>\n\n\n\n<figure class=\"wp-block-image alignleft size-full is-resized\"><img loading=\"lazy\" decoding=\"async\" src=\"http:\/\/missioncelte.fr\/wp-content\/uploads\/2023\/08\/Gallicanisme.png\" alt=\"\" class=\"wp-image-97\" width=\"445\" height=\"234\"\/><\/figure>\n\n\n\n<ol class=\"wp-block-list\">\n<li>Supr\u00e9matie royale : Selon les gallicans, le roi de France avait une autorit\u00e9 supr\u00eame sur l&rsquo;\u00c9glise de France, ce qui signifiait que le souverain avait le droit de contr\u00f4ler certains aspects de l&rsquo;\u00c9glise, tels que la nomination des \u00e9v\u00eaques et l&rsquo;administration des biens de l&rsquo;\u00c9glise.<\/li>\n\n\n\n<li>Conciliarisme : Les gallicans croyaient que les d\u00e9cisions importantes de l&rsquo;\u00c9glise devaient \u00eatre prises lors de conciles nationaux plut\u00f4t que par le pape ou le Saint-Si\u00e8ge. Cela impliquait une vision plus limit\u00e9e du pouvoir du pape sur l&rsquo;\u00c9glise.<\/li>\n\n\n\n<li>Refus de certains dogmes papaux : Les gallicans ont rejet\u00e9 certains dogmes proclam\u00e9s par le pape, consid\u00e9rant que ceux-ci \u00e9taient contraires aux traditions de l&rsquo;\u00c9glise catholique en France.<\/li>\n\n\n\n<li>Ind\u00e9pendance financi\u00e8re : Le gallicanisme cherchait \u00e9galement \u00e0 limiter l&#8217;emprise du Saint-Si\u00e8ge sur les finances de l&rsquo;\u00c9glise en France, de sorte que le clerg\u00e9 fran\u00e7ais puisse g\u00e9rer ses propres revenus et ressources.<\/li>\n<\/ol>\n\n\n\n<p>Le gallicanisme a \u00e9t\u00e9 un sujet de tension entre la France et le Vatican pendant plusieurs si\u00e8cles. Il a atteint son apog\u00e9e sous le r\u00e8gne de Louis XIV et a ensuite d\u00e9clin\u00e9 au XVIIIe si\u00e8cle avec l&rsquo;\u00e9mergence du mouvement des Lumi\u00e8res et des id\u00e9es de s\u00e9paration de l&rsquo;\u00c9glise et de l&rsquo;\u00c9tat. En 1801, le Concordat de Napol\u00e9on Bonaparte avec le Vatican a marqu\u00e9 la fin officielle du gallicanisme, \u00e9tablissant une nouvelle relation entre l&rsquo;\u00c9glise catholique et l&rsquo;\u00c9tat fran\u00e7ais. Aujourd&rsquo;hui, le gallicanisme n&rsquo;a plus d&rsquo;influence significative, et l&rsquo;\u00c9glise catholique en France fonctionne sous le mod\u00e8le d&rsquo;une \u00e9glise catholique romaine classique, reconnaissant l&rsquo;autorit\u00e9 supr\u00eame du pape.<\/p>\n\n\n\n<p>Respectueuse de la papaut\u00e9, l\u2019Eglise de France posait n\u00e9anmoins certaines limites \u00e0 sa puissance, enseignant en particulier que le pouvoir des \u00e9v\u00eaques r\u00e9unis en concile est plus grand que celui du pape : le gallicanisme n\u2019\u00e9tait donc qu\u2019un courant de pens\u00e9e au sein de l\u2019Eglise catholique romaine.<\/p>\n\n\n\n<p>Pourtant, en 1870, Rome proclama le dogme de l\u2019infaillibilit\u00e9 pontificale, consacrant ainsi l\u2019omnipotence du pape. Devant cet acte, d\u00e9pourvu de r\u00e9elles justifications scripturaires et traditionnelles, certains catholiques gallicans firent, en conscience, le choix douloureux de se s\u00e9parer de Rome.<\/p>\n\n\n\n<p>En France, un mouvement de r\u00e9sistance fut emmen\u00e9 par le R\u00e9v\u00e9rend P\u00e8re Hyacinthe Loyson, qui obtint, par d\u00e9cret du pr\u00e9sident de la R\u00e9publique, l\u2019autorisation d\u2019ouvrir un lieu de culte au nom de l\u2019Eglise gallicane, le 3 d\u00e9cembre 1883.<\/p>\n\n\n\n<p>Apr\u00e8s la loi de 1905 ent\u00e9rinant la s\u00e9paration de l\u2019Eglise et de l\u2019Etat, le courant gallican s\u2019organisera sous la houlette de Mgr Joseph Ren\u00e9 Vilatte (1854-1929). Apr\u00e8s le d\u00e9c\u00e8s de Mgr Patrick Truchemotte, en 1986, chaque communaut\u00e9 gallicane prit son autonomie, d\u00e9veloppant des particularit\u00e9s liturgiques et doctrinales parfois divergentes. Ces diff\u00e9rences font qu\u2019il n\u2019est plus possible, aujourd\u2019hui, de parler d\u2019Eglise gallicane.<\/p>\n\n\n\n<p>Cette absence actuelle d\u2019unit\u00e9 et d\u2019autorit\u00e9 a malheureusement permis \u00e0 des faussaires, parfois d\u00e9pourvus de toute Ordination sacerdotale, d\u2019utiliser le terme \u00ab gallican \u00bb pour pratiquer un scandaleux commerce de sacrements, exorcismes et rituels divers.<\/p>\n\n\n\n<p>Toutefois, le gallicanisme authentique demeure bien vivant en ce qu\u2019il d\u00e9signe \u00e0 pr\u00e9sent, stricto sensu, l\u2019attitude des catholiques fran\u00e7ais non romains. De par leur histoire, intimement li\u00e9e \u00e0 la branche latine de l\u2019Eglise universelle de Notre-Seigneur J\u00e9sus-Christ, les \u00e9v\u00eaques catholiques gallicans d\u00e9tiennent toujours une succession apostolique incontestable.<\/p>\n\n\n\n<p>Pr\u00e9sents au c\u0153ur de nos territoires, ils sont au service du Peuple de Dieu.<\/p>\n","protected":false},"excerpt":{"rendered":"<p>Qu\u2019est-ce que le gallicanisme ? Le gallicanisme \u00e9tait un mouvement th\u00e9ologique et politique qui s&rsquo;est d\u00e9velopp\u00e9 en France aux XVIIe et XVIIIe si\u00e8cles. Il visait \u00e0 d\u00e9fendre l&rsquo;ind\u00e9pendance de l&rsquo;\u00c9glise catholique de France vis-\u00e0-vis de l&rsquo;autorit\u00e9 papale et \u00e0 limiter l&rsquo;influence du pape sur les affaires religieuses et politiques du royaume. Les principales caract\u00e9ristiques du [&hellip;]<\/p>\n","protected":false},"author":1,"featured_media":0,"parent":0,"menu_order":5,"comment_status":"closed","ping_status":"closed","template":"","meta":{"om_disable_all_campaigns":false,"_monsterinsights_skip_tracking":false,"_monsterinsights_sitenote_active":false,"_monsterinsights_sitenote_note":"","_monsterinsights_sitenote_category":0,"_uf_show_specific_survey":0,"_uf_disable_surveys":false,"iawp_total_views":496,"footnotes":""},"class_list":["post-20","page","type-page","status-publish","hentry"],"blocksy_meta":[],"aioseo_notices":[],"yoast_head":"<!-- This site is optimized with the Yoast SEO plugin v26.8 - https:\/\/yoast.com\/product\/yoast-seo-wordpress\/ -->\n<title>Le Gallicanisme - missioncelte.fr<\/title>\n<meta name=\"robots\" content=\"index, follow, max-snippet:-1, max-image-preview:large, max-video-preview:-1\" \/>\n<link rel=\"canonical\" href=\"https:\/\/missioncelte.fr\/?page_id=20\" \/>\n<meta property=\"og:locale\" content=\"fr_FR\" \/>\n<meta property=\"og:type\" content=\"article\" \/>\n<meta property=\"og:title\" content=\"Le Gallicanisme - missioncelte.fr\" \/>\n<meta property=\"og:description\" content=\"Qu\u2019est-ce que le gallicanisme ? Le gallicanisme \u00e9tait un mouvement th\u00e9ologique et politique qui s&rsquo;est d\u00e9velopp\u00e9 en France aux XVIIe et XVIIIe si\u00e8cles. Il visait \u00e0 d\u00e9fendre l&rsquo;ind\u00e9pendance de l&rsquo;\u00c9glise catholique de France vis-\u00e0-vis de l&rsquo;autorit\u00e9 papale et \u00e0 limiter l&rsquo;influence du pape sur les affaires religieuses et politiques du royaume. Les principales caract\u00e9ristiques du [&hellip;]\" \/>\n<meta property=\"og:url\" content=\"https:\/\/missioncelte.fr\/?page_id=20\" \/>\n<meta property=\"og:site_name\" content=\"missioncelte.fr\" \/>\n<meta property=\"article:publisher\" content=\"https:\/\/www.facebook.com\/frere.barthelemy.9\" \/>\n<meta property=\"article:modified_time\" content=\"2023-08-10T15:17:09+00:00\" \/>\n<meta property=\"og:image\" content=\"http:\/\/missioncelte.fr\/wp-content\/uploads\/2023\/08\/Gallicanisme.png\" \/>\n<meta name=\"twitter:card\" content=\"summary_large_image\" \/>\n<meta name=\"twitter:label1\" content=\"Dur\u00e9e de lecture estim\u00e9e\" \/>\n\t<meta name=\"twitter:data1\" content=\"4 minutes\" \/>\n<script type=\"application\/ld+json\" class=\"yoast-schema-graph\">{\"@context\":\"https:\/\/schema.org\",\"@graph\":[{\"@type\":\"WebPage\",\"@id\":\"https:\/\/missioncelte.fr\/?page_id=20\",\"url\":\"https:\/\/missioncelte.fr\/?page_id=20\",\"name\":\"Le Gallicanisme - missioncelte.fr\",\"isPartOf\":{\"@id\":\"https:\/\/missioncelte.fr\/#website\"},\"primaryImageOfPage\":{\"@id\":\"https:\/\/missioncelte.fr\/?page_id=20#primaryimage\"},\"image\":{\"@id\":\"https:\/\/missioncelte.fr\/?page_id=20#primaryimage\"},\"thumbnailUrl\":\"http:\/\/missioncelte.fr\/wp-content\/uploads\/2023\/08\/Gallicanisme.png\",\"datePublished\":\"2023-08-02T20:03:58+00:00\",\"dateModified\":\"2023-08-10T15:17:09+00:00\",\"breadcrumb\":{\"@id\":\"https:\/\/missioncelte.fr\/?page_id=20#breadcrumb\"},\"inLanguage\":\"fr-FR\",\"potentialAction\":[{\"@type\":\"ReadAction\",\"target\":[\"https:\/\/missioncelte.fr\/?page_id=20\"]}]},{\"@type\":\"ImageObject\",\"inLanguage\":\"fr-FR\",\"@id\":\"https:\/\/missioncelte.fr\/?page_id=20#primaryimage\",\"url\":\"http:\/\/missioncelte.fr\/wp-content\/uploads\/2023\/08\/Gallicanisme.png\",\"contentUrl\":\"http:\/\/missioncelte.fr\/wp-content\/uploads\/2023\/08\/Gallicanisme.png\"},{\"@type\":\"BreadcrumbList\",\"@id\":\"https:\/\/missioncelte.fr\/?page_id=20#breadcrumb\",\"itemListElement\":[{\"@type\":\"ListItem\",\"position\":1,\"name\":\"Accueil\",\"item\":\"https:\/\/missioncelte.fr\/\"},{\"@type\":\"ListItem\",\"position\":2,\"name\":\"Le Gallicanisme\"}]},{\"@type\":\"WebSite\",\"@id\":\"https:\/\/missioncelte.fr\/#website\",\"url\":\"https:\/\/missioncelte.fr\/\",\"name\":\"missioncelte.fr\",\"description\":\"\",\"publisher\":{\"@id\":\"https:\/\/missioncelte.fr\/#organization\"},\"potentialAction\":[{\"@type\":\"SearchAction\",\"target\":{\"@type\":\"EntryPoint\",\"urlTemplate\":\"https:\/\/missioncelte.fr\/?s={search_term_string}\"},\"query-input\":{\"@type\":\"PropertyValueSpecification\",\"valueRequired\":true,\"valueName\":\"search_term_string\"}}],\"inLanguage\":\"fr-FR\"},{\"@type\":\"Organization\",\"@id\":\"https:\/\/missioncelte.fr\/#organization\",\"name\":\"missioncelte.fr\",\"url\":\"https:\/\/missioncelte.fr\/\",\"logo\":{\"@type\":\"ImageObject\",\"inLanguage\":\"fr-FR\",\"@id\":\"https:\/\/missioncelte.fr\/#\/schema\/logo\/image\/\",\"url\":\"https:\/\/missioncelte.fr\/wp-content\/uploads\/2023\/08\/poisson.png\",\"contentUrl\":\"https:\/\/missioncelte.fr\/wp-content\/uploads\/2023\/08\/poisson.png\",\"width\":1600,\"height\":632,\"caption\":\"missioncelte.fr\"},\"image\":{\"@id\":\"https:\/\/missioncelte.fr\/#\/schema\/logo\/image\/\"},\"sameAs\":[\"https:\/\/www.facebook.com\/frere.barthelemy.9\",\"https:\/\/www.facebook.com\/profile.php?id=100085429027200\"]}]}<\/script>\n<!-- \/ Yoast SEO plugin. -->","yoast_head_json":{"title":"Le Gallicanisme - missioncelte.fr","robots":{"index":"index","follow":"follow","max-snippet":"max-snippet:-1","max-image-preview":"max-image-preview:large","max-video-preview":"max-video-preview:-1"},"canonical":"https:\/\/missioncelte.fr\/?page_id=20","og_locale":"fr_FR","og_type":"article","og_title":"Le Gallicanisme - missioncelte.fr","og_description":"Qu\u2019est-ce que le gallicanisme ? Le gallicanisme \u00e9tait un mouvement th\u00e9ologique et politique qui s&rsquo;est d\u00e9velopp\u00e9 en France aux XVIIe et XVIIIe si\u00e8cles. Il visait \u00e0 d\u00e9fendre l&rsquo;ind\u00e9pendance de l&rsquo;\u00c9glise catholique de France vis-\u00e0-vis de l&rsquo;autorit\u00e9 papale et \u00e0 limiter l&rsquo;influence du pape sur les affaires religieuses et politiques du royaume. Les principales caract\u00e9ristiques du [&hellip;]","og_url":"https:\/\/missioncelte.fr\/?page_id=20","og_site_name":"missioncelte.fr","article_publisher":"https:\/\/www.facebook.com\/frere.barthelemy.9","article_modified_time":"2023-08-10T15:17:09+00:00","og_image":[{"url":"http:\/\/missioncelte.fr\/wp-content\/uploads\/2023\/08\/Gallicanisme.png","type":"","width":"","height":""}],"twitter_card":"summary_large_image","twitter_misc":{"Dur\u00e9e de lecture estim\u00e9e":"4 minutes"},"schema":{"@context":"https:\/\/schema.org","@graph":[{"@type":"WebPage","@id":"https:\/\/missioncelte.fr\/?page_id=20","url":"https:\/\/missioncelte.fr\/?page_id=20","name":"Le Gallicanisme - missioncelte.fr","isPartOf":{"@id":"https:\/\/missioncelte.fr\/#website"},"primaryImageOfPage":{"@id":"https:\/\/missioncelte.fr\/?page_id=20#primaryimage"},"image":{"@id":"https:\/\/missioncelte.fr\/?page_id=20#primaryimage"},"thumbnailUrl":"http:\/\/missioncelte.fr\/wp-content\/uploads\/2023\/08\/Gallicanisme.png","datePublished":"2023-08-02T20:03:58+00:00","dateModified":"2023-08-10T15:17:09+00:00","breadcrumb":{"@id":"https:\/\/missioncelte.fr\/?page_id=20#breadcrumb"},"inLanguage":"fr-FR","potentialAction":[{"@type":"ReadAction","target":["https:\/\/missioncelte.fr\/?page_id=20"]}]},{"@type":"ImageObject","inLanguage":"fr-FR","@id":"https:\/\/missioncelte.fr\/?page_id=20#primaryimage","url":"http:\/\/missioncelte.fr\/wp-content\/uploads\/2023\/08\/Gallicanisme.png","contentUrl":"http:\/\/missioncelte.fr\/wp-content\/uploads\/2023\/08\/Gallicanisme.png"},{"@type":"BreadcrumbList","@id":"https:\/\/missioncelte.fr\/?page_id=20#breadcrumb","itemListElement":[{"@type":"ListItem","position":1,"name":"Accueil","item":"https:\/\/missioncelte.fr\/"},{"@type":"ListItem","position":2,"name":"Le Gallicanisme"}]},{"@type":"WebSite","@id":"https:\/\/missioncelte.fr\/#website","url":"https:\/\/missioncelte.fr\/","name":"missioncelte.fr","description":"","publisher":{"@id":"https:\/\/missioncelte.fr\/#organization"},"potentialAction":[{"@type":"SearchAction","target":{"@type":"EntryPoint","urlTemplate":"https:\/\/missioncelte.fr\/?s={search_term_string}"},"query-input":{"@type":"PropertyValueSpecification","valueRequired":true,"valueName":"search_term_string"}}],"inLanguage":"fr-FR"},{"@type":"Organization","@id":"https:\/\/missioncelte.fr\/#organization","name":"missioncelte.fr","url":"https:\/\/missioncelte.fr\/","logo":{"@type":"ImageObject","inLanguage":"fr-FR","@id":"https:\/\/missioncelte.fr\/#\/schema\/logo\/image\/","url":"https:\/\/missioncelte.fr\/wp-content\/uploads\/2023\/08\/poisson.png","contentUrl":"https:\/\/missioncelte.fr\/wp-content\/uploads\/2023\/08\/poisson.png","width":1600,"height":632,"caption":"missioncelte.fr"},"image":{"@id":"https:\/\/missioncelte.fr\/#\/schema\/logo\/image\/"},"sameAs":["https:\/\/www.facebook.com\/frere.barthelemy.9","https:\/\/www.facebook.com\/profile.php?id=100085429027200"]}]}},"_links":{"self":[{"href":"https:\/\/missioncelte.fr\/index.php?rest_route=\/wp\/v2\/pages\/20","targetHints":{"allow":["GET"]}}],"collection":[{"href":"https:\/\/missioncelte.fr\/index.php?rest_route=\/wp\/v2\/pages"}],"about":[{"href":"https:\/\/missioncelte.fr\/index.php?rest_route=\/wp\/v2\/types\/page"}],"author":[{"embeddable":true,"href":"https:\/\/missioncelte.fr\/index.php?rest_route=\/wp\/v2\/users\/1"}],"replies":[{"embeddable":true,"href":"https:\/\/missioncelte.fr\/index.php?rest_route=%2Fwp%2Fv2%2Fcomments&post=20"}],"version-history":[{"count":4,"href":"https:\/\/missioncelte.fr\/index.php?rest_route=\/wp\/v2\/pages\/20\/revisions"}],"predecessor-version":[{"id":475,"href":"https:\/\/missioncelte.fr\/index.php?rest_route=\/wp\/v2\/pages\/20\/revisions\/475"}],"wp:attachment":[{"href":"https:\/\/missioncelte.fr\/index.php?rest_route=%2Fwp%2Fv2%2Fmedia&parent=20"}],"curies":[{"name":"wp","href":"https:\/\/api.w.org\/{rel}","templated":true}]}}