{"id":17,"date":"2023-08-02T22:00:41","date_gmt":"2023-08-02T20:00:41","guid":{"rendered":"https:\/\/missioncelte.fr\/?page_id=17"},"modified":"2025-07-20T15:38:40","modified_gmt":"2025-07-20T13:38:40","slug":"notre-mission","status":"publish","type":"page","link":"https:\/\/missioncelte.fr\/?page_id=17","title":{"rendered":"Notre Mission"},"content":{"rendered":"\n<p><\/p>\n\n\n\n<figure class=\"wp-block-image alignright size-full is-resized\"><img loading=\"lazy\" decoding=\"async\" width=\"651\" height=\"761\" src=\"http:\/\/missioncelte.fr\/wp-content\/uploads\/2023\/08\/Mission-3.png\" alt=\"\" class=\"wp-image-111\" style=\"width:269px;height:315px\" srcset=\"https:\/\/missioncelte.fr\/wp-content\/uploads\/2023\/08\/Mission-3.png 651w, https:\/\/missioncelte.fr\/wp-content\/uploads\/2023\/08\/Mission-3-257x300.png 257w\" sizes=\"auto, (max-width: 651px) 100vw, 651px\" \/><\/figure>\n\n\n\n<h5 class=\"wp-block-heading\">Notre Mission Celte Gallicane est une communaut\u00e9 chr\u00e9tienne qui s&rsquo;inspire des traditions l\u00e9gu\u00e9es par ses p\u00e8res fondateurs et par l&rsquo;histoire liturgique du Christianisme en Celtie. Nous sommes engag\u00e9s dans une cat\u00e9ch\u00e8se chr\u00e9tienne adapt\u00e9e aux besoins du temps et nous pr\u00f4nons l&rsquo;inclusion sociale. Notre liturgie est proche de celles pratiqu\u00e9es en Gaule et en Irlande jusqu&rsquo;au XI\u00e8me si\u00e8cle.<\/h5>\n\n\n\n<h5 class=\"wp-block-heading\">Notre mission, qui a aussi une vocation itin\u00e9rante, peut se rendre chez des particuliers, pour b\u00e9nir leur maison, les entendre en confession, leur administrer l&rsquo;onction des malades, pratiquer un exorcisme ou dire une messe.<\/h5>\n\n\n\n<h5 class=\"wp-block-heading\">Ce travail de nomadisme est une sp\u00e9cificit\u00e9 de notre mission qui se doit de soulager toute peine et apporter la lumi\u00e8re de Dieu l\u00e0 o\u00f9 elle est n\u00e9cessaire et demand\u00e9e. Nous intervenons aussi pour les enterrements lorsque il n&rsquo;y a pas ou plus de pr\u00eatres dans les communes.<\/h5>\n\n\n\n<h5 class=\"wp-block-heading\">Notre zone d&rsquo;intervention est l&rsquo;Occitanie.<\/h5>\n\n\n\n<div style=\"height:68px\" aria-hidden=\"true\" class=\"wp-block-spacer\"><\/div>\n\n\n\n<figure class=\"wp-block-table alignfull\"><table><tbody><tr><td class=\"has-text-align-center\" data-align=\"center\"><\/td><td class=\"has-text-align-center\" data-align=\"center\">Nos principes<\/td><td class=\"has-text-align-center\" data-align=\"center\"><\/td><\/tr><tr><td class=\"has-text-align-center\" data-align=\"center\"><strong>Progressiste<\/strong><br>Nous nous adaptons aux besoins du temps sans figer le fait humain dans le marbre.<\/td><td class=\"has-text-align-center\" data-align=\"center\"><strong>Humaniste<\/strong><br>Nous sommes engag\u00e9s en faveur de l&rsquo;humanit\u00e9, de la justice sociale et de l&rsquo;inclusion.<\/td><td class=\"has-text-align-center\" data-align=\"center\"><strong>Liturgie gallicane<\/strong><br>Nous pr\u00e9servons les traditions liturgiques de la Gaule et de l&rsquo;Irlande jusqu&rsquo;au XI\u00e8me si\u00e8cle.<\/td><\/tr><\/tbody><\/table><\/figure>\n\n\n\n<div style=\"height:33px\" aria-hidden=\"true\" class=\"wp-block-spacer\"><\/div>\n\n\n\n<h2 class=\"wp-block-heading\"><strong>D\u00e9claration de foi<\/strong><\/h2>\n\n\n\n<h4 class=\"wp-block-heading\">Notre Mission sainte Brigitte de Kildare \u00e0 Bordeaux a \u00e9t\u00e9 fond\u00e9e le 23 mai 2018<\/h4>\n\n\n\n<h4 class=\"wp-block-heading\">Nous tenons \u00e0 la notion d\u2019\u00e9glise indivisible, c\u2019est pourquoi, nous d\u00e9clarons les points suivants :<\/h4>\n\n\n\n<ol class=\"wp-block-list\">\n<li>Nous tenons fermement \u00ab \u00e0 ce qui a \u00e9t\u00e9 cru partout, toujours et par tous, car cela est vraiment et proprement catholique \u00bb (Saint Vincent de L\u00e9rins). C\u2019est pourquoi nous nous inscrivons dans la foi de l\u2019\u00c9glise primitive, telle qu\u2019elle est proclam\u00e9e dans les dogmes universellement reconnus des Sept conciles g\u00e9n\u00e9raux de l\u2019\u00c9glise.<\/li>\n\n\n\n<li>Cependant, nous rejetons les d\u00e9crets du \u00ab Concile \u00bb Vatican I sur l\u2019infaillibilit\u00e9 et l\u2019\u00e9piscopat universel ou omnipotence eccl\u00e9siastique de l\u2019\u00e9v\u00eaque de Rome (promulgu\u00e9s le 18 juillet 1870). Cependant, nous reconnaissons la primaut\u00e9 historique que plusieurs conciles \u0153cum\u00e9niques et les P\u00e8res ont donn\u00e9 \u00e0 l\u2019\u00e9v\u00eaque de Rome : \u00ab Primusinter pares \u00bb (Le premier entre ses \u00e9gaux).<\/li>\n\n\n\n<li>Nous acceptons la d\u00e9claration de l\u2019Immacul\u00e9e Conception de Marie, du Pape PieIX (1854), mais nous refusons d\u2019en faire un dogme de la Foi. Il appartient \u00e0 chaque fid\u00e8le de suivre ce que son \u00e2me lui dicte en cette mati\u00e8re.<\/li>\n\n\n\n<li>Consid\u00e9rant que la Sainte Eucharistie est en tout temps, dans l\u2019\u00c9glise universelle,le centre v\u00e9ritable de l\u2019Office divin, nous d\u00e9clarons que nous adh\u00e9rons int\u00e9gralement et avec fid\u00e9lit\u00e9 au dogme du Tr\u00e8s Saint-Sacrement de l\u2019Autel ; nous croyons que nous recevons tr\u00e8s r\u00e9ellement le corps et le sang de Notre Seigneur J\u00e9sus-Christ Lui-m\u00eame sous les esp\u00e8ces du pain et du vin.<\/li>\n\n\n\n<li>Nous tenons et professons le Credo de Nic\u00e9e-Constantinople.<\/li>\n\n\n\n<li>Nous recevons et acceptons les Sept Sacrements \u2013 Bapt\u00eame, Confirmation, Eucharistie, Ordre, Onction, P\u00e9nitence et Mariage.<\/li>\n\n\n\n<li>L\u2019\u00e9piscopat est le fait de l\u2019\u00c9glise du Christ, cependant l\u2019\u00e9v\u00eaque, \u00e9gal de ses pairs,n\u2019a pas \u00e0 recevoir de r\u00e9v\u00e9rences particuli\u00e8res aux autres ordres. Ext\u00e9rieurement, les fid\u00e8les l\u2019appellent \u00ab p\u00e8re \u00bb, int\u00e9rieurement les clercs des ordres mineurs, majeurs et les pr\u00eatres l\u2019appellent \u00ab fr\u00e8re \u00bb. La coutume veut que l\u2019on appelle l\u2019\u00e9v\u00eaque, \u00ab Monseigneur\u00bb, ce titre ne pourra donc \u00eatre port\u00e9 que comme signe ext\u00e9rieur apparent de la fonction.<\/li>\n\n\n\n<li>Les images sacr\u00e9es, le culte des saints et le culte marial. La v\u00e9n\u00e9ration des images pieuses est une bonne chose, mais elle n\u2019est ni obligatoire, ni encourag\u00e9e, ni d\u00e9courag\u00e9e : la Foi des uns s\u2019en passe, l\u00e0 o\u00f9 celles des autres y a recours. De m\u00eame, le culte des saints, nos bienheureux pr\u00e9d\u00e9cesseurs. Le culte marial puise ses racines dans les premiers temps du Christianisme, sans Elle pas de Sauveur, nous professons notre attachement \u00e0 Notre Dame Marie sans lui vouer un culte excessif qui amoindrirait celui d\u00fb au Christ, Son Fils.<\/li>\n\n\n\n<li>De la m\u00eame fa\u00e7on que nous avons re\u00e7u gratuitement les dons de notre Seigneur par infusion de l\u2019Esprit Saint, de m\u00eame fa\u00e7on, nous donnons tous nos sacrements de fa\u00e7on gratuite.<\/li>\n<\/ol>\n","protected":false},"excerpt":{"rendered":"<p>Notre Mission Celte Gallicane est une communaut\u00e9 chr\u00e9tienne qui s&rsquo;inspire des traditions l\u00e9gu\u00e9es par ses p\u00e8res fondateurs et par l&rsquo;histoire liturgique du Christianisme en Celtie. Nous sommes engag\u00e9s dans une cat\u00e9ch\u00e8se chr\u00e9tienne adapt\u00e9e aux besoins du temps et nous pr\u00f4nons l&rsquo;inclusion sociale. Notre liturgie est proche de celles pratiqu\u00e9es en Gaule et en Irlande jusqu&rsquo;au [&hellip;]<\/p>\n","protected":false},"author":1,"featured_media":0,"parent":0,"menu_order":1,"comment_status":"closed","ping_status":"closed","template":"","meta":{"om_disable_all_campaigns":false,"_monsterinsights_skip_tracking":false,"_monsterinsights_sitenote_active":false,"_monsterinsights_sitenote_note":"","_monsterinsights_sitenote_category":0,"_uf_show_specific_survey":0,"_uf_disable_surveys":false,"iawp_total_views":175,"footnotes":""},"class_list":["post-17","page","type-page","status-publish","hentry"],"blocksy_meta":[],"aioseo_notices":[],"yoast_head":"<!-- This site is optimized with the Yoast SEO plugin v26.8 - https:\/\/yoast.com\/product\/yoast-seo-wordpress\/ -->\n<title>Notre Mission - missioncelte.fr<\/title>\n<meta name=\"robots\" content=\"index, follow, max-snippet:-1, max-image-preview:large, max-video-preview:-1\" \/>\n<link rel=\"canonical\" href=\"https:\/\/missioncelte.fr\/?page_id=17\" \/>\n<meta property=\"og:locale\" content=\"fr_FR\" \/>\n<meta property=\"og:type\" content=\"article\" \/>\n<meta property=\"og:title\" content=\"Notre Mission - missioncelte.fr\" \/>\n<meta property=\"og:description\" content=\"Notre Mission Celte Gallicane est une communaut\u00e9 chr\u00e9tienne qui s&rsquo;inspire des traditions l\u00e9gu\u00e9es par ses p\u00e8res fondateurs et par l&rsquo;histoire liturgique du Christianisme en Celtie. Nous sommes engag\u00e9s dans une cat\u00e9ch\u00e8se chr\u00e9tienne adapt\u00e9e aux besoins du temps et nous pr\u00f4nons l&rsquo;inclusion sociale. Notre liturgie est proche de celles pratiqu\u00e9es en Gaule et en Irlande jusqu&rsquo;au [&hellip;]\" \/>\n<meta property=\"og:url\" content=\"https:\/\/missioncelte.fr\/?page_id=17\" \/>\n<meta property=\"og:site_name\" content=\"missioncelte.fr\" \/>\n<meta property=\"article:publisher\" content=\"https:\/\/www.facebook.com\/frere.barthelemy.9\" \/>\n<meta property=\"article:modified_time\" content=\"2025-07-20T13:38:40+00:00\" \/>\n<meta property=\"og:image\" content=\"https:\/\/missioncelte.fr\/wp-content\/uploads\/2023\/08\/Mission-3.png\" \/>\n\t<meta property=\"og:image:width\" content=\"651\" \/>\n\t<meta property=\"og:image:height\" content=\"761\" \/>\n\t<meta property=\"og:image:type\" content=\"image\/png\" \/>\n<meta name=\"twitter:card\" content=\"summary_large_image\" \/>\n<meta name=\"twitter:label1\" content=\"Dur\u00e9e de lecture estim\u00e9e\" \/>\n\t<meta name=\"twitter:data1\" content=\"4 minutes\" \/>\n<script type=\"application\/ld+json\" class=\"yoast-schema-graph\">{\"@context\":\"https:\/\/schema.org\",\"@graph\":[{\"@type\":\"WebPage\",\"@id\":\"https:\/\/missioncelte.fr\/?page_id=17\",\"url\":\"https:\/\/missioncelte.fr\/?page_id=17\",\"name\":\"Notre Mission - missioncelte.fr\",\"isPartOf\":{\"@id\":\"https:\/\/missioncelte.fr\/#website\"},\"primaryImageOfPage\":{\"@id\":\"https:\/\/missioncelte.fr\/?page_id=17#primaryimage\"},\"image\":{\"@id\":\"https:\/\/missioncelte.fr\/?page_id=17#primaryimage\"},\"thumbnailUrl\":\"http:\/\/missioncelte.fr\/wp-content\/uploads\/2023\/08\/Mission-3.png\",\"datePublished\":\"2023-08-02T20:00:41+00:00\",\"dateModified\":\"2025-07-20T13:38:40+00:00\",\"breadcrumb\":{\"@id\":\"https:\/\/missioncelte.fr\/?page_id=17#breadcrumb\"},\"inLanguage\":\"fr-FR\",\"potentialAction\":[{\"@type\":\"ReadAction\",\"target\":[\"https:\/\/missioncelte.fr\/?page_id=17\"]}]},{\"@type\":\"ImageObject\",\"inLanguage\":\"fr-FR\",\"@id\":\"https:\/\/missioncelte.fr\/?page_id=17#primaryimage\",\"url\":\"http:\/\/missioncelte.fr\/wp-content\/uploads\/2023\/08\/Mission-3.png\",\"contentUrl\":\"http:\/\/missioncelte.fr\/wp-content\/uploads\/2023\/08\/Mission-3.png\"},{\"@type\":\"BreadcrumbList\",\"@id\":\"https:\/\/missioncelte.fr\/?page_id=17#breadcrumb\",\"itemListElement\":[{\"@type\":\"ListItem\",\"position\":1,\"name\":\"Accueil\",\"item\":\"https:\/\/missioncelte.fr\/\"},{\"@type\":\"ListItem\",\"position\":2,\"name\":\"Notre Mission\"}]},{\"@type\":\"WebSite\",\"@id\":\"https:\/\/missioncelte.fr\/#website\",\"url\":\"https:\/\/missioncelte.fr\/\",\"name\":\"missioncelte.fr\",\"description\":\"\",\"publisher\":{\"@id\":\"https:\/\/missioncelte.fr\/#organization\"},\"potentialAction\":[{\"@type\":\"SearchAction\",\"target\":{\"@type\":\"EntryPoint\",\"urlTemplate\":\"https:\/\/missioncelte.fr\/?s={search_term_string}\"},\"query-input\":{\"@type\":\"PropertyValueSpecification\",\"valueRequired\":true,\"valueName\":\"search_term_string\"}}],\"inLanguage\":\"fr-FR\"},{\"@type\":\"Organization\",\"@id\":\"https:\/\/missioncelte.fr\/#organization\",\"name\":\"missioncelte.fr\",\"url\":\"https:\/\/missioncelte.fr\/\",\"logo\":{\"@type\":\"ImageObject\",\"inLanguage\":\"fr-FR\",\"@id\":\"https:\/\/missioncelte.fr\/#\/schema\/logo\/image\/\",\"url\":\"https:\/\/missioncelte.fr\/wp-content\/uploads\/2023\/08\/poisson.png\",\"contentUrl\":\"https:\/\/missioncelte.fr\/wp-content\/uploads\/2023\/08\/poisson.png\",\"width\":1600,\"height\":632,\"caption\":\"missioncelte.fr\"},\"image\":{\"@id\":\"https:\/\/missioncelte.fr\/#\/schema\/logo\/image\/\"},\"sameAs\":[\"https:\/\/www.facebook.com\/frere.barthelemy.9\",\"https:\/\/www.facebook.com\/profile.php?id=100085429027200\"]}]}<\/script>\n<!-- \/ Yoast SEO plugin. -->","yoast_head_json":{"title":"Notre Mission - missioncelte.fr","robots":{"index":"index","follow":"follow","max-snippet":"max-snippet:-1","max-image-preview":"max-image-preview:large","max-video-preview":"max-video-preview:-1"},"canonical":"https:\/\/missioncelte.fr\/?page_id=17","og_locale":"fr_FR","og_type":"article","og_title":"Notre Mission - missioncelte.fr","og_description":"Notre Mission Celte Gallicane est une communaut\u00e9 chr\u00e9tienne qui s&rsquo;inspire des traditions l\u00e9gu\u00e9es par ses p\u00e8res fondateurs et par l&rsquo;histoire liturgique du Christianisme en Celtie. Nous sommes engag\u00e9s dans une cat\u00e9ch\u00e8se chr\u00e9tienne adapt\u00e9e aux besoins du temps et nous pr\u00f4nons l&rsquo;inclusion sociale. Notre liturgie est proche de celles pratiqu\u00e9es en Gaule et en Irlande jusqu&rsquo;au [&hellip;]","og_url":"https:\/\/missioncelte.fr\/?page_id=17","og_site_name":"missioncelte.fr","article_publisher":"https:\/\/www.facebook.com\/frere.barthelemy.9","article_modified_time":"2025-07-20T13:38:40+00:00","og_image":[{"width":651,"height":761,"url":"https:\/\/missioncelte.fr\/wp-content\/uploads\/2023\/08\/Mission-3.png","type":"image\/png"}],"twitter_card":"summary_large_image","twitter_misc":{"Dur\u00e9e de lecture estim\u00e9e":"4 minutes"},"schema":{"@context":"https:\/\/schema.org","@graph":[{"@type":"WebPage","@id":"https:\/\/missioncelte.fr\/?page_id=17","url":"https:\/\/missioncelte.fr\/?page_id=17","name":"Notre Mission - missioncelte.fr","isPartOf":{"@id":"https:\/\/missioncelte.fr\/#website"},"primaryImageOfPage":{"@id":"https:\/\/missioncelte.fr\/?page_id=17#primaryimage"},"image":{"@id":"https:\/\/missioncelte.fr\/?page_id=17#primaryimage"},"thumbnailUrl":"http:\/\/missioncelte.fr\/wp-content\/uploads\/2023\/08\/Mission-3.png","datePublished":"2023-08-02T20:00:41+00:00","dateModified":"2025-07-20T13:38:40+00:00","breadcrumb":{"@id":"https:\/\/missioncelte.fr\/?page_id=17#breadcrumb"},"inLanguage":"fr-FR","potentialAction":[{"@type":"ReadAction","target":["https:\/\/missioncelte.fr\/?page_id=17"]}]},{"@type":"ImageObject","inLanguage":"fr-FR","@id":"https:\/\/missioncelte.fr\/?page_id=17#primaryimage","url":"http:\/\/missioncelte.fr\/wp-content\/uploads\/2023\/08\/Mission-3.png","contentUrl":"http:\/\/missioncelte.fr\/wp-content\/uploads\/2023\/08\/Mission-3.png"},{"@type":"BreadcrumbList","@id":"https:\/\/missioncelte.fr\/?page_id=17#breadcrumb","itemListElement":[{"@type":"ListItem","position":1,"name":"Accueil","item":"https:\/\/missioncelte.fr\/"},{"@type":"ListItem","position":2,"name":"Notre Mission"}]},{"@type":"WebSite","@id":"https:\/\/missioncelte.fr\/#website","url":"https:\/\/missioncelte.fr\/","name":"missioncelte.fr","description":"","publisher":{"@id":"https:\/\/missioncelte.fr\/#organization"},"potentialAction":[{"@type":"SearchAction","target":{"@type":"EntryPoint","urlTemplate":"https:\/\/missioncelte.fr\/?s={search_term_string}"},"query-input":{"@type":"PropertyValueSpecification","valueRequired":true,"valueName":"search_term_string"}}],"inLanguage":"fr-FR"},{"@type":"Organization","@id":"https:\/\/missioncelte.fr\/#organization","name":"missioncelte.fr","url":"https:\/\/missioncelte.fr\/","logo":{"@type":"ImageObject","inLanguage":"fr-FR","@id":"https:\/\/missioncelte.fr\/#\/schema\/logo\/image\/","url":"https:\/\/missioncelte.fr\/wp-content\/uploads\/2023\/08\/poisson.png","contentUrl":"https:\/\/missioncelte.fr\/wp-content\/uploads\/2023\/08\/poisson.png","width":1600,"height":632,"caption":"missioncelte.fr"},"image":{"@id":"https:\/\/missioncelte.fr\/#\/schema\/logo\/image\/"},"sameAs":["https:\/\/www.facebook.com\/frere.barthelemy.9","https:\/\/www.facebook.com\/profile.php?id=100085429027200"]}]}},"_links":{"self":[{"href":"https:\/\/missioncelte.fr\/index.php?rest_route=\/wp\/v2\/pages\/17","targetHints":{"allow":["GET"]}}],"collection":[{"href":"https:\/\/missioncelte.fr\/index.php?rest_route=\/wp\/v2\/pages"}],"about":[{"href":"https:\/\/missioncelte.fr\/index.php?rest_route=\/wp\/v2\/types\/page"}],"author":[{"embeddable":true,"href":"https:\/\/missioncelte.fr\/index.php?rest_route=\/wp\/v2\/users\/1"}],"replies":[{"embeddable":true,"href":"https:\/\/missioncelte.fr\/index.php?rest_route=%2Fwp%2Fv2%2Fcomments&post=17"}],"version-history":[{"count":11,"href":"https:\/\/missioncelte.fr\/index.php?rest_route=\/wp\/v2\/pages\/17\/revisions"}],"predecessor-version":[{"id":591,"href":"https:\/\/missioncelte.fr\/index.php?rest_route=\/wp\/v2\/pages\/17\/revisions\/591"}],"wp:attachment":[{"href":"https:\/\/missioncelte.fr\/index.php?rest_route=%2Fwp%2Fv2%2Fmedia&parent=17"}],"curies":[{"name":"wp","href":"https:\/\/api.w.org\/{rel}","templated":true}]}}